{"id":931,"date":"2017-04-27T10:43:24","date_gmt":"2017-04-27T10:43:24","guid":{"rendered":"http:\/\/reformatto.com.br\/reformas\/?page_id=931"},"modified":"2017-04-27T10:45:48","modified_gmt":"2017-04-27T10:45:48","slug":"diferenciais-em-servicos-e-atendimento","status":"publish","type":"page","link":"https:\/\/reformatto.com.br\/reformas\/diferenciais-em-servicos-e-atendimento\/","title":{"rendered":"Diferenciais em Servicos e Atendimento"},"content":{"rendered":"<p>Diferenciais em Servicos e Atendimento<\/p>\n<table border=\"0\" width=\"996\">\n<tbody>\n<tr>\n<td><strong>Manuten\u00e7\u00e3o Predial no RJ<\/strong><\/td>\n<td><strong>Limpeza e Lavagem de Fachadas<\/strong><\/td>\n<td><strong>Reforma Revitaliza\u00e7\u00e3o Galp\u00f5es<\/strong><\/td>\n<td><strong>Pintura e Reforma de Fachadas<\/strong><\/td>\n<\/tr>\n<tr>\n<td>Parcele Sua Obra &#8211; Menor Pre\u00e7o<br \/>\n<a href=\"http:\/\/reformatto.com.br\/reformas\/contatos\/\">reformatto.com.br\/<\/a><br \/>\nLimpeza e Pintura Fachadas, Reforma Predial, Impermeabiliza\u00e7\u00e3o, Reforma Telhado<\/td>\n<td>Pintura e Troca de Pastilhas<br \/>\n<a href=\"http:\/\/reformatto.com.br\/reformas\/contatos\/\">reformatto.com.br\/<\/a><br \/>\nEspecializada em Recupera\u00e7\u00e3o de Fachadas, Equipamentos e M\u00e3o de Obra Experiente<\/td>\n<td>Manuten\u00e7\u00e3o Predial Ind\u00fastrias<br \/>\n<a href=\"http:\/\/reformatto.com.br\/reformas\/contatos\/\">reformatto.com.br\/<\/a><br \/>\nReformas e Manuten\u00e7\u00e3o de Telhado de Galp\u00e3o, Pisos Industriais, Reformas Prediais<\/td>\n<td>Parcelamos a Sua Obra<br \/>\n<a href=\"http:\/\/reformatto.com.br\/reformas\/contatos\/\">reformatto.com.br\/<\/a><br \/>\nReformas de Fachadas, Pagamento Facilitado, Experi\u00eancia Atendimento a Condominio<\/td>\n<\/tr>\n<tr>\n<td><\/td>\n<td><\/td>\n<td><\/td>\n<td><\/td>\n<\/tr>\n<tr>\n<td><strong>Reforma Telhado de Galp\u00e3o RJ<\/strong><\/td>\n<td><strong>Lavagem e Reforma de Fachadas<\/strong><\/td>\n<td><strong>Manuten\u00e7\u00e3o Reforma Condominios<\/strong><\/td>\n<td><strong>Reforma de Fachada Condom\u00ednios<\/strong><\/td>\n<\/tr>\n<tr>\n<td>Parcelamos a Sua Obra<br \/>\n<a href=\"http:\/\/reformatto.com.br\/reformas\/contatos\/\">reformatto.com.br\/<\/a><br \/>\nEspecializada em Reformas de Galp\u00f5es e Unidades Industriais, Parcelamos Sua Obra<\/td>\n<td>Parcele e Garanta Menor Pre\u00e7o<br \/>\n<a href=\"http:\/\/reformatto.com.br\/reformas\/contatos\/\">reformatto.com.br\/<\/a><br \/>\nEspecializados em Reforma de Fachadas, Menor Preco, Parcelamos a Sua Obra<\/td>\n<td>Parcelamos a Sua Obra<br \/>\n<a href=\"http:\/\/reformatto.com.br\/reformas\/contatos\/\">reformatto.com.br\/<\/a><br \/>\nColoca\u00e7\u00e3o De Pastilhas, Reforma Piso Garagem e Play, Impermeabiliza\u00e7\u00e3o de Lajes<\/td>\n<td>Limpeza, Revitaliza\u00e7\u00e3o Pintura<br \/>\n<a href=\"http:\/\/reformatto.com.br\/reformas\/contatos\/\">reformatto.com.br\/<\/a><br \/>\nManuten\u00e7\u00e3o em Condom\u00ednios e Galp\u00f5es, Obras com Seguro, Empresa Inscrita CREA RJ<\/td>\n<\/tr>\n<\/tbody>\n<\/table>\n","protected":false},"excerpt":{"rendered":"<p>Diferenciais em Servicos e Atendimento Manuten\u00e7\u00e3o Predial no RJ Limpeza e Lavagem de Fachadas Reforma Revitaliza\u00e7\u00e3o Galp\u00f5es Pintura e Reforma de Fachadas Parcele Sua Obra &#8211; Menor Pre\u00e7o reformatto.com.br\/ Limpeza e Pintura Fachadas, Reforma Predial, Impermeabiliza\u00e7\u00e3o, Reforma Telhado Pintura e&hellip;&nbsp;<a href=\"https:\/\/reformatto.com.br\/reformas\/diferenciais-em-servicos-e-atendimento\/\" class=\"more-link\">Saiba Mais<\/a><\/p>\n","protected":false},"author":1,"featured_media":0,"parent":0,"menu_order":0,"comment_status":"closed","ping_status":"closed","template":"","meta":{"_links_to":"","_links_to_target":""},"yoast_head":"<!-- This site is optimized with the Yoast SEO plugin v16.5 - https:\/\/yoast.com\/wordpress\/plugins\/seo\/ -->\n<title>Diferenciais em Servicos e Atendimento - Reformatto Engenharia - Reformas Prediais, Fachadas e Galp\u00f5es no RJ e SP<\/title>\n<meta name=\"robots\" content=\"index, follow, max-snippet:-1, max-image-preview:large, max-video-preview:-1\" \/>\n<link rel=\"canonical\" href=\"https:\/\/reformatto.com.br\/reformas\/diferenciais-em-servicos-e-atendimento\/\" \/>\n<meta property=\"og:locale\" content=\"pt_BR\" \/>\n<meta property=\"og:type\" content=\"article\" \/>\n<meta property=\"og:title\" content=\"Diferenciais em Servicos e Atendimento - Reformatto Engenharia - Reformas Prediais, Fachadas e Galp\u00f5es no RJ e SP\" \/>\n<meta property=\"og:description\" content=\"Diferenciais em Servicos e Atendimento Manuten\u00e7\u00e3o Predial no RJ Limpeza e Lavagem de Fachadas Reforma Revitaliza\u00e7\u00e3o Galp\u00f5es Pintura e Reforma de Fachadas Parcele Sua Obra &#8211; Menor Pre\u00e7o reformatto.com.br\/ Limpeza e Pintura Fachadas, Reforma Predial, Impermeabiliza\u00e7\u00e3o, Reforma Telhado Pintura e&hellip;&nbsp;Saiba Mais\" \/>\n<meta property=\"og:url\" content=\"https:\/\/reformatto.com.br\/reformas\/diferenciais-em-servicos-e-atendimento\/\" \/>\n<meta property=\"og:site_name\" content=\"Reformatto Engenharia - Reformas Prediais, Fachadas e Galp\u00f5es no RJ e SP\" \/>\n<meta property=\"article:modified_time\" content=\"2017-04-27T10:45:48+00:00\" \/>\n<meta name=\"twitter:card\" content=\"summary\" \/>\n<meta name=\"twitter:label1\" content=\"Est. tempo de leitura\" \/>\n\t<meta name=\"twitter:data1\" content=\"1 minuto\" \/>\n<script type=\"application\/ld+json\" class=\"yoast-schema-graph\">{\"@context\":\"https:\/\/schema.org\",\"@graph\":[{\"@type\":\"WebSite\",\"@id\":\"https:\/\/reformatto.com.br\/reformas\/#website\",\"url\":\"https:\/\/reformatto.com.br\/reformas\/\",\"name\":\"Reformatto Engenharia - Reformas Prediais, Fachadas e Galp\\u00f5es no RJ e SP\",\"description\":\"Reformas Prediais, Fachadas e Galp\\u00f5es no RJ e em SP\",\"potentialAction\":[{\"@type\":\"SearchAction\",\"target\":\"https:\/\/reformatto.com.br\/reformas\/?s={search_term_string}\",\"query-input\":\"required name=search_term_string\"}],\"inLanguage\":\"pt-BR\"},{\"@type\":\"WebPage\",\"@id\":\"https:\/\/reformatto.com.br\/reformas\/diferenciais-em-servicos-e-atendimento\/#webpage\",\"url\":\"https:\/\/reformatto.com.br\/reformas\/diferenciais-em-servicos-e-atendimento\/\",\"name\":\"Diferenciais em Servicos e Atendimento - Reformatto Engenharia - Reformas Prediais, Fachadas e Galp\\u00f5es no RJ e SP\",\"isPartOf\":{\"@id\":\"https:\/\/reformatto.com.br\/reformas\/#website\"},\"datePublished\":\"2017-04-27T10:43:24+00:00\",\"dateModified\":\"2017-04-27T10:45:48+00:00\",\"breadcrumb\":{\"@id\":\"https:\/\/reformatto.com.br\/reformas\/diferenciais-em-servicos-e-atendimento\/#breadcrumb\"},\"inLanguage\":\"pt-BR\",\"potentialAction\":[{\"@type\":\"ReadAction\",\"target\":[\"https:\/\/reformatto.com.br\/reformas\/diferenciais-em-servicos-e-atendimento\/\"]}]},{\"@type\":\"BreadcrumbList\",\"@id\":\"https:\/\/reformatto.com.br\/reformas\/diferenciais-em-servicos-e-atendimento\/#breadcrumb\",\"itemListElement\":[{\"@type\":\"ListItem\",\"position\":1,\"name\":\"In\\u00edcio\",\"item\":\"https:\/\/reformatto.com.br\/reformas\/\"},{\"@type\":\"ListItem\",\"position\":2,\"name\":\"Diferenciais em Servicos e Atendimento\"}]}]}<\/script>\n<!-- \/ Yoast SEO plugin. -->","_links":{"self":[{"href":"https:\/\/reformatto.com.br\/reformas\/wp-json\/wp\/v2\/pages\/931"}],"collection":[{"href":"https:\/\/reformatto.com.br\/reformas\/wp-json\/wp\/v2\/pages"}],"about":[{"href":"https:\/\/reformatto.com.br\/reformas\/wp-json\/wp\/v2\/types\/page"}],"author":[{"embeddable":true,"href":"https:\/\/reformatto.com.br\/reformas\/wp-json\/wp\/v2\/users\/1"}],"replies":[{"embeddable":true,"href":"https:\/\/reformatto.com.br\/reformas\/wp-json\/wp\/v2\/comments?post=931"}],"version-history":[{"count":4,"href":"https:\/\/reformatto.com.br\/reformas\/wp-json\/wp\/v2\/pages\/931\/revisions"}],"predecessor-version":[{"id":937,"href":"https:\/\/reformatto.com.br\/reformas\/wp-json\/wp\/v2\/pages\/931\/revisions\/937"}],"wp:attachment":[{"href":"https:\/\/reformatto.com.br\/reformas\/wp-json\/wp\/v2\/media?parent=931"}],"curies":[{"name":"wp","href":"https:\/\/api.w.org\/{rel}","templated":true}]}}