{"id":8,"date":"2016-06-29T18:35:13","date_gmt":"2016-06-29T18:35:13","guid":{"rendered":"http:\/\/reformatto.com.br\/reformas\/?page_id=8"},"modified":"2021-06-28T17:56:22","modified_gmt":"2021-06-28T17:56:22","slug":"outros-servicos","status":"publish","type":"page","link":"https:\/\/reformatto.com.br\/reformas\/outros-servicos\/","title":{"rendered":"Outros Servi\u00e7os"},"content":{"rendered":"<h2>Servi\u00e7os de reformas em geral<\/h2>\n<p style=\"text-align: justify;\">A <a href=\"http:\/\/reformatto.com.br\/reformas\/contatos\/\"><strong>Reformatto Engenharia<\/strong><\/a> atua na execu\u00e7\u00e3o de reformas em geral de todos os portes, especialmente reparos em condom\u00ednios ou em empresas, prestando servi\u00e7os t\u00e9cnicos com m\u00e3o de obra especializada.<\/p>\n<hr \/>\n<h2>Servi\u00e7os de pintura<\/h2>\n<p style=\"text-align: justify;\">A <a href=\"http:\/\/reformatto.com.br\/reformas\/contatos\/\"><strong>Reformatto Engenharia<\/strong><\/a> atua com pintura de pr\u00e9dios e fachadas, com equipe de profissionais treinados e com conhecimento t\u00e9cnico em pintura e tratamento de superf\u00edcie.<\/p>\n<div class=\"su-spoiler su-spoiler-style-fancy su-spoiler-icon-arrow su-spoiler-closed\" data-scroll-offset=\"0\" data-anchor-in-url=\"no\"><div class=\"su-spoiler-title\" tabindex=\"0\" role=\"button\"><span class=\"su-spoiler-icon\"><\/span>Solicite nosso or\u00e7amento sem compromisso no RJ e PR<\/div><div class=\"su-spoiler-content su-u-clearfix su-u-trim\">Obras com seguro e supervisionadas por setor pr\u00f3prio de engenharia.<\/p>\n\n\n<!-- Fast Secure Contact Form plugin 4.0.52 - begin - FastSecureContactForm.com -->\r\n<div style=\"clear:both;\"><\/div>\n<p>Entre em contato conosco ou solicite or\u00e7amentos.<\/p>\r\n<div id=\"FSContact1\" style=\"width:99%; max-width:555px;\">\r\n<form action=\"https:\/\/reformatto.com.br\/reformas\/wp-json\/wp\/v2\/pages\/8#FSContact1\" id=\"fscf_form1\" method=\"post\">\r\n\n<div id=\"fscf_div_clear1_0\" style=\"clear:both;\">\n  <div id=\"fscf_div_field1_0\" style=\"clear:left; float:left; width:99%; max-width:550px; margin-right:10px;\">\r\n    <div style=\"text-align:left; padding-top:5px;\">\n      <label style=\"text-align:left;\" for=\"fscf_name1\">Nome:<\/label>\n    <\/div>\r\n    <div style=\"text-align:left;\">\r\n      <input style=\"text-align:left; margin:0; width:99%; max-width:250px;\" type=\"text\" id=\"fscf_name1\" name=\"full_name\" value=\"\"  \/>\r\n    <\/div>\r\n  <\/div>\n<\/div>\n\n<div id=\"fscf_div_clear1_1\" style=\"clear:both;\">\n  <div id=\"fscf_div_field1_1\" style=\"clear:left; float:left; width:99%; max-width:550px; margin-right:10px;\">\n    <div style=\"text-align:left; padding-top:5px;\">\n      <label style=\"text-align:left;\" for=\"fscf_email1\">Email:<\/label>\n    <\/div>\n    <div style=\"text-align:left;\">\n      <input style=\"text-align:left; margin:0; width:99%; max-width:250px;\" type=\"text\" id=\"fscf_email1\" name=\"email\" value=\"\"  \/>\n    <\/div>\n  <\/div>\n<\/div>\n\n<div id=\"fscf_div_clear1_4\" style=\"clear:both;\">\n  <div id=\"fscf_div_field1_4\" style=\"clear:left; float:left; width:99%; max-width:550px; margin-right:10px;\">\n    <div  id=\"fscf_label1_4\" style=\"text-align:left; padding-top:5px;\">\r\n      <label style=\"text-align:left;\" for=\"fscf_field1_4\">DDD e telefone:<\/label>\n    <\/div>\n    <div style=\"text-align:left;\">\n      <input style=\"text-align:left; margin:0; width:99%; max-width:250px;\" type=\"text\" id=\"fscf_field1_4\" name=\"DDD-e-telefone\" value=\"\"  \/>\n    <\/div>\n  <\/div>\n<\/div>\n\n<div id=\"fscf_div_clear1_2\" style=\"clear:both;\">\n  <div id=\"fscf_div_field1_2\" style=\"clear:left; float:left; width:99%; max-width:550px; margin-right:10px;\">\n    <div style=\"text-align:left; padding-top:5px;\">\n      <label style=\"text-align:left;\" for=\"fscf_field1_2\">Sujeito:<\/label>\n    <\/div>\n    <div style=\"text-align:left;\">\n      <select style=\"text-align:left;\" id=\"fscf_field1_2\" name=\"subject[]\">\n        <option value=\"1\">Reforma de fachada predial<\/option>\n        <option value=\"2\">Reforma e Manuten\u00e7\u00e3o Unidade Industrial<\/option>\n        <option value=\"3\">Impermeabiliza\u00e7\u00e3o<\/option>\n        <option value=\"4\">Reforma de telhado de galp\u00e3o<\/option>\n        <option value=\"5\">Recupera\u00e7\u00e3o de estrutura<\/option>\n        <option value=\"6\">Outros assuntos - Diversos<\/option>\n      <\/select>\n    <\/div>\n  <\/div>\n<\/div>\n\n<div id=\"fscf_div_clear1_5\" style=\"clear:both;\">\n  <div id=\"fscf_div_field1_5\" style=\"clear:left; float:left; width:99%; max-width:550px; margin-right:10px;\">\n    <div  id=\"fscf_label1_5\" style=\"text-align:left; padding-top:5px;\">\r\n      <label style=\"text-align:left;\" for=\"fscf_field1_5\">Local da obra (bairro e cidade):<\/label>\n    <\/div>\n    <div style=\"text-align:left;\">\n      <input style=\"text-align:left; margin:0; width:99%; max-width:250px;\" type=\"text\" id=\"fscf_field1_5\" name=\"Local-da-obra-bairro-e-cidade\" value=\"\"  \/>\n    <\/div>\n  <\/div>\n<\/div>\n\n<div id=\"fscf_div_clear1_3\" style=\"clear:both;\">\n  <div id=\"fscf_div_field1_3\" style=\"clear:left; float:left; width:99%; max-width:550px; margin-right:10px;\">\n    <div style=\"text-align:left; padding-top:5px;\">\n      <label style=\"text-align:left;\" for=\"fscf_field1_3\">Mensagem:<\/label>\n    <\/div>\n    <div style=\"text-align:left;\">\n      <textarea style=\"text-align:left; margin:0; width:99%; max-width:250px; height:120px;\" id=\"fscf_field1_3\" name=\"message\" cols=\"30\" rows=\"10\" ><\/textarea>\n    <\/div>\n  <\/div>\n<\/div>\r\n<div style=\"clear:both;\"><\/div>\n\n<div id=\"fscf_submit_div1\" style=\"text-align:left; clear:both; padding-top:15px;\">\r\n\t\t<input type=\"submit\" id=\"fscf_submit1\" style=\"cursor:pointer; margin:0;\" value=\"Enviar\"  onclick=\"this.disabled=true; this.value='Enviando...'; this.form.submit();\" \/> \n<\/div>\n\n<input type=\"hidden\" name=\"fscf_submitted\" value=\"0\" \/>\n<input type=\"hidden\" name=\"fs_postonce_1\" value=\"e552f6d0ad3b3cd264f67d57141403be,1778841658\" \/>\n<input type=\"hidden\" name=\"si_contact_action\" value=\"send\" \/>\n<input type=\"hidden\" name=\"form_id\" value=\"1\" \/>\n<input type=\"hidden\" name=\"mailto_id\" value=\"1\" \/>\n\n<\/form>\n<\/div>\r\n<div style=\"clear:both;\"><\/div>\n\n<!-- Fast Secure Contact Form plugin 4.0.52 - end - FastSecureContactForm.com -->\n\n<\/div><\/div>\n<div class=\"su-note\" id=\"\" style=\"border-color:#d6d6d6;border-radius:3px;-moz-border-radius:3px;-webkit-border-radius:3px;\"><div class=\"su-note-inner su-u-clearfix su-u-trim\" style=\"background-color:#f0f0f0;border-color:#ffffff;color:#333333;border-radius:3px;-moz-border-radius:3px;-webkit-border-radius:3px;\">\n<p><a href=\"http:\/\/reformatto.com.br\/reformas\/contatos\/\">Contate a <strong>Reformatto Engenharia<\/strong><\/a> e surpreenda-se com nossas solu\u00e7\u00f5es para seu condom\u00ednio, pr\u00e9dio industrial ou manuten\u00e7\u00e3o e reforma em sua empresa.<br \/>\n<strong>Atuamos no Rio de Janeiro e S\u00e3o Paulo<\/strong>.<\/p>\n<\/div><\/div>\n<hr \/>\n<p><a href=\"https:\/\/reformatto.com.br\/reformas\/contatos\/\"><img loading=\"lazy\" class=\"aligncenter wp-image-1501 size-full\" title=\"Empresas de reforma predial SP e RJ\" src=\"https:\/\/reformatto.com.br\/reformas\/wp-content\/uploads\/2021\/06\/reformatto.jpg\" alt=\"Reforma de Fachadas Prediais\" width=\"1920\" height=\"850\" srcset=\"https:\/\/reformatto.com.br\/reformas\/wp-content\/uploads\/2021\/06\/reformatto.jpg 1920w, https:\/\/reformatto.com.br\/reformas\/wp-content\/uploads\/2021\/06\/reformatto-300x133.jpg 300w, https:\/\/reformatto.com.br\/reformas\/wp-content\/uploads\/2021\/06\/reformatto-1024x453.jpg 1024w, https:\/\/reformatto.com.br\/reformas\/wp-content\/uploads\/2021\/06\/reformatto-768x340.jpg 768w, https:\/\/reformatto.com.br\/reformas\/wp-content\/uploads\/2021\/06\/reformatto-1536x680.jpg 1536w, https:\/\/reformatto.com.br\/reformas\/wp-content\/uploads\/2021\/06\/reformatto-360x159.jpg 360w\" sizes=\"(max-width: 1920px) 100vw, 1920px\" \/><\/a><\/p>\n<p style=\"text-align: justify;\">\n","protected":false},"excerpt":{"rendered":"<p>Servi\u00e7os de reformas em geral A Reformatto Engenharia atua na execu\u00e7\u00e3o de reformas em geral de todos os portes, especialmente reparos em condom\u00ednios ou em empresas, prestando servi\u00e7os t\u00e9cnicos com m\u00e3o de obra especializada. Servi\u00e7os de pintura A Reformatto Engenharia&hellip;&nbsp;<a href=\"https:\/\/reformatto.com.br\/reformas\/outros-servicos\/\" class=\"more-link\">Saiba Mais<\/a><\/p>\n","protected":false},"author":1,"featured_media":0,"parent":0,"menu_order":7,"comment_status":"closed","ping_status":"closed","template":"","meta":{"_links_to":"","_links_to_target":""},"yoast_head":"<!-- This site is optimized with the Yoast SEO plugin v16.5 - https:\/\/yoast.com\/wordpress\/plugins\/seo\/ -->\n<title>Outros Servi\u00e7os - Reformatto Engenharia - Reformas Prediais, Fachadas e Galp\u00f5es no RJ e SP<\/title>\n<meta name=\"robots\" content=\"index, follow, max-snippet:-1, max-image-preview:large, max-video-preview:-1\" \/>\n<link rel=\"canonical\" href=\"https:\/\/reformatto.com.br\/reformas\/outros-servicos\/\" \/>\n<meta property=\"og:locale\" content=\"pt_BR\" \/>\n<meta property=\"og:type\" content=\"article\" \/>\n<meta property=\"og:title\" content=\"Outros Servi\u00e7os - Reformatto Engenharia - Reformas Prediais, Fachadas e Galp\u00f5es no RJ e SP\" \/>\n<meta property=\"og:description\" content=\"Servi\u00e7os de reformas em geral A Reformatto Engenharia atua na execu\u00e7\u00e3o de reformas em geral de todos os portes, especialmente reparos em condom\u00ednios ou em empresas, prestando servi\u00e7os t\u00e9cnicos com m\u00e3o de obra especializada. Servi\u00e7os de pintura A Reformatto Engenharia&hellip;&nbsp;Saiba Mais\" \/>\n<meta property=\"og:url\" content=\"https:\/\/reformatto.com.br\/reformas\/outros-servicos\/\" \/>\n<meta property=\"og:site_name\" content=\"Reformatto Engenharia - Reformas Prediais, Fachadas e Galp\u00f5es no RJ e SP\" \/>\n<meta property=\"article:modified_time\" content=\"2021-06-28T17:56:22+00:00\" \/>\n<meta property=\"og:image\" content=\"https:\/\/reformatto.com.br\/reformas\/wp-content\/uploads\/2021\/06\/reformatto.jpg\" \/>\n<meta name=\"twitter:card\" content=\"summary\" \/>\n<meta name=\"twitter:label1\" content=\"Est. tempo de leitura\" \/>\n\t<meta name=\"twitter:data1\" content=\"1 minuto\" \/>\n<script type=\"application\/ld+json\" class=\"yoast-schema-graph\">{\"@context\":\"https:\/\/schema.org\",\"@graph\":[{\"@type\":\"WebSite\",\"@id\":\"https:\/\/reformatto.com.br\/reformas\/#website\",\"url\":\"https:\/\/reformatto.com.br\/reformas\/\",\"name\":\"Reformatto Engenharia - Reformas Prediais, Fachadas e Galp\\u00f5es no RJ e SP\",\"description\":\"Reformas Prediais, Fachadas e Galp\\u00f5es no RJ e em SP\",\"potentialAction\":[{\"@type\":\"SearchAction\",\"target\":\"https:\/\/reformatto.com.br\/reformas\/?s={search_term_string}\",\"query-input\":\"required name=search_term_string\"}],\"inLanguage\":\"pt-BR\"},{\"@type\":\"ImageObject\",\"@id\":\"https:\/\/reformatto.com.br\/reformas\/outros-servicos\/#primaryimage\",\"inLanguage\":\"pt-BR\",\"url\":\"https:\/\/reformatto.com.br\/reformas\/wp-content\/uploads\/2021\/06\/reformatto.jpg\",\"contentUrl\":\"https:\/\/reformatto.com.br\/reformas\/wp-content\/uploads\/2021\/06\/reformatto.jpg\",\"width\":1920,\"height\":850,\"caption\":\"Reforma de Fachadas Prediais\"},{\"@type\":\"WebPage\",\"@id\":\"https:\/\/reformatto.com.br\/reformas\/outros-servicos\/#webpage\",\"url\":\"https:\/\/reformatto.com.br\/reformas\/outros-servicos\/\",\"name\":\"Outros Servi\\u00e7os - Reformatto Engenharia - Reformas Prediais, Fachadas e Galp\\u00f5es no RJ e SP\",\"isPartOf\":{\"@id\":\"https:\/\/reformatto.com.br\/reformas\/#website\"},\"primaryImageOfPage\":{\"@id\":\"https:\/\/reformatto.com.br\/reformas\/outros-servicos\/#primaryimage\"},\"datePublished\":\"2016-06-29T18:35:13+00:00\",\"dateModified\":\"2021-06-28T17:56:22+00:00\",\"breadcrumb\":{\"@id\":\"https:\/\/reformatto.com.br\/reformas\/outros-servicos\/#breadcrumb\"},\"inLanguage\":\"pt-BR\",\"potentialAction\":[{\"@type\":\"ReadAction\",\"target\":[\"https:\/\/reformatto.com.br\/reformas\/outros-servicos\/\"]}]},{\"@type\":\"BreadcrumbList\",\"@id\":\"https:\/\/reformatto.com.br\/reformas\/outros-servicos\/#breadcrumb\",\"itemListElement\":[{\"@type\":\"ListItem\",\"position\":1,\"name\":\"In\\u00edcio\",\"item\":\"https:\/\/reformatto.com.br\/reformas\/\"},{\"@type\":\"ListItem\",\"position\":2,\"name\":\"Outros Servi\\u00e7os\"}]}]}<\/script>\n<!-- \/ Yoast SEO plugin. -->","_links":{"self":[{"href":"https:\/\/reformatto.com.br\/reformas\/wp-json\/wp\/v2\/pages\/8"}],"collection":[{"href":"https:\/\/reformatto.com.br\/reformas\/wp-json\/wp\/v2\/pages"}],"about":[{"href":"https:\/\/reformatto.com.br\/reformas\/wp-json\/wp\/v2\/types\/page"}],"author":[{"embeddable":true,"href":"https:\/\/reformatto.com.br\/reformas\/wp-json\/wp\/v2\/users\/1"}],"replies":[{"embeddable":true,"href":"https:\/\/reformatto.com.br\/reformas\/wp-json\/wp\/v2\/comments?post=8"}],"version-history":[{"count":21,"href":"https:\/\/reformatto.com.br\/reformas\/wp-json\/wp\/v2\/pages\/8\/revisions"}],"predecessor-version":[{"id":1502,"href":"https:\/\/reformatto.com.br\/reformas\/wp-json\/wp\/v2\/pages\/8\/revisions\/1502"}],"wp:attachment":[{"href":"https:\/\/reformatto.com.br\/reformas\/wp-json\/wp\/v2\/media?parent=8"}],"curies":[{"name":"wp","href":"https:\/\/api.w.org\/{rel}","templated":true}]}}