{"id":6,"date":"2016-06-29T18:34:49","date_gmt":"2016-06-29T18:34:49","guid":{"rendered":"http:\/\/reformatto.com.br\/reformas\/?page_id=6"},"modified":"2021-06-28T17:45:31","modified_gmt":"2021-06-28T17:45:31","slug":"construcao-e-reformas","status":"publish","type":"page","link":"https:\/\/reformatto.com.br\/reformas\/construcao-e-reformas\/","title":{"rendered":"Outros Servi\u00e7os"},"content":{"rendered":"<h2>Outros servi\u00e7os disponibilizados:<\/h2>\n<p>Clique nos t\u00f3picos abaixo para conhecer os demais servi\u00e7os disponibilizados pela <strong>Reformatto Engenharia<\/strong>:<\/p>\n<h4><ul id=\"menu-outros\" class=\"menu\"><li id=\"menu-item-1247\" class=\"menu-item menu-item-type-post_type menu-item-object-page menu-item-1247\"><a href=\"https:\/\/reformatto.com.br\/reformas\/recuperacao-estrutural\/\">Recupera\u00e7\u00e3o Estrutural<\/a><\/li>\n<li id=\"menu-item-1248\" class=\"menu-item menu-item-type-post_type menu-item-object-page menu-item-1248\"><a href=\"https:\/\/reformatto.com.br\/reformas\/recuperacao-estrutural\/\">Recupera\u00e7\u00e3o Estrutural<\/a><\/li>\n<li id=\"menu-item-1249\" class=\"menu-item menu-item-type-post_type menu-item-object-page menu-item-1249\"><a href=\"https:\/\/reformatto.com.br\/reformas\/impermeabilizacoes\/\">Impermeabiliza\u00e7\u00e3o<\/a><\/li>\n<li id=\"menu-item-1250\" class=\"menu-item menu-item-type-post_type menu-item-object-page menu-item-1250\"><a href=\"https:\/\/reformatto.com.br\/reformas\/construcao-e-reformas\/\">Outros Servi\u00e7os<\/a><\/li>\n<\/ul><\/h4>\n<hr \/>\n<div class=\"su-spoiler su-spoiler-style-fancy su-spoiler-icon-arrow su-spoiler-closed\" data-scroll-offset=\"0\" data-anchor-in-url=\"no\"><div class=\"su-spoiler-title\" tabindex=\"0\" role=\"button\"><span class=\"su-spoiler-icon\"><\/span>Conte com a Reformatto em sua empresa ou condom\u00ednio<\/div><div class=\"su-spoiler-content su-u-clearfix su-u-trim\">\n<div class=\"su-table su-table-alternate\">\n<table border=\"0\" width=\"996\">\n<tbody>\n<tr>\n<td><strong>Reforma de Fachada Condom\u00ednios<\/strong><\/td>\n<td><strong>Impermeabiliza\u00e7\u00e3o, Reforma Telhado<\/strong><\/td>\n<td><strong>Reforma Revitaliza\u00e7\u00e3o Galp\u00f5es<\/strong><\/td>\n<\/tr>\n<tr>\n<td>Limpeza Pintura, Pastilhamento<br \/>\n<a href=\"http:\/\/reformatto.com.br\/reformas\">reformatto.com.br\/reformas<\/a><br \/>\nSomos Especializados em Reforma de Fachadas, Atendemos a Condom\u00ednios e Empresas<\/td>\n<td>Parcele Sua Obra &#8211; Menor Pre\u00e7o<br \/>\n<a href=\"http:\/\/reformatto.com.br\/reformas\">reformatto.com.br\/reformas<\/a><br \/>\nLimpeza e Pintura Fachadas, Reforma Predial, Impermeabiliza\u00e7\u00e3o, Reforma Telhado<\/td>\n<td>Manuten\u00e7\u00e3o Predial Ind\u00fastrias<br \/>\n<a href=\"http:\/\/reformatto.com.br\/reformas\">reformatto.com.br\/reformas<\/a><br \/>\nReformas e Manuten\u00e7\u00e3o de Telhado de Galp\u00e3o, Pisos Industriais, Reformas Prediais<\/td>\n<\/tr>\n<\/tbody>\n<\/table>\n<\/div>\n<\/div><\/div>\n<p><a href=\"https:\/\/reformatto.com.br\/reformas\/contatos\/\"><img loading=\"lazy\" class=\"aligncenter wp-image-1480 size-full\" title=\"reforma de telhado de galp\u00e3o\" src=\"https:\/\/reformatto.com.br\/reformas\/wp-content\/uploads\/2021\/06\/reformafgalpao.jpg\" alt=\"reforma de telhado de galp\u00e3o\" width=\"1920\" height=\"850\" srcset=\"https:\/\/reformatto.com.br\/reformas\/wp-content\/uploads\/2021\/06\/reformafgalpao.jpg 1920w, https:\/\/reformatto.com.br\/reformas\/wp-content\/uploads\/2021\/06\/reformafgalpao-300x133.jpg 300w, https:\/\/reformatto.com.br\/reformas\/wp-content\/uploads\/2021\/06\/reformafgalpao-1024x453.jpg 1024w, https:\/\/reformatto.com.br\/reformas\/wp-content\/uploads\/2021\/06\/reformafgalpao-768x340.jpg 768w, https:\/\/reformatto.com.br\/reformas\/wp-content\/uploads\/2021\/06\/reformafgalpao-1536x680.jpg 1536w, https:\/\/reformatto.com.br\/reformas\/wp-content\/uploads\/2021\/06\/reformafgalpao-360x159.jpg 360w\" sizes=\"(max-width: 1920px) 100vw, 1920px\" \/><\/a><\/p>\n<p>&nbsp;<\/p>\n","protected":false},"excerpt":{"rendered":"<p>Outros servi\u00e7os disponibilizados: Clique nos t\u00f3picos abaixo para conhecer os demais servi\u00e7os disponibilizados pela Reformatto Engenharia: &nbsp;<\/p>\n","protected":false},"author":1,"featured_media":0,"parent":0,"menu_order":2,"comment_status":"closed","ping_status":"closed","template":"","meta":{"_links_to":"","_links_to_target":""},"yoast_head":"<!-- This site is optimized with the Yoast SEO plugin v16.5 - https:\/\/yoast.com\/wordpress\/plugins\/seo\/ -->\n<title>Outros Servi\u00e7os - Reformatto Engenharia - Reformas Prediais, Fachadas e Galp\u00f5es no RJ e SP<\/title>\n<meta name=\"description\" content=\"Constru\u00e7\u00e3o e Reformas no Rio de Janeiro, servi\u00e7os t\u00e9cnicos especializados, aplicados \u00e0 reformas prediais, fachadas e unidades industriais e galp\u00f5es.\" \/>\n<meta name=\"robots\" content=\"index, follow, max-snippet:-1, max-image-preview:large, max-video-preview:-1\" \/>\n<link rel=\"canonical\" href=\"https:\/\/reformatto.com.br\/reformas\/construcao-e-reformas\/\" \/>\n<meta property=\"og:locale\" content=\"pt_BR\" \/>\n<meta property=\"og:type\" content=\"article\" \/>\n<meta property=\"og:title\" content=\"Outros Servi\u00e7os - Reformatto Engenharia - Reformas Prediais, Fachadas e Galp\u00f5es no RJ e SP\" \/>\n<meta property=\"og:description\" content=\"Constru\u00e7\u00e3o e Reformas no Rio de Janeiro, servi\u00e7os t\u00e9cnicos especializados, aplicados \u00e0 reformas prediais, fachadas e unidades industriais e galp\u00f5es.\" \/>\n<meta property=\"og:url\" content=\"https:\/\/reformatto.com.br\/reformas\/construcao-e-reformas\/\" \/>\n<meta property=\"og:site_name\" content=\"Reformatto Engenharia - Reformas Prediais, Fachadas e Galp\u00f5es no RJ e SP\" \/>\n<meta property=\"article:modified_time\" content=\"2021-06-28T17:45:31+00:00\" \/>\n<meta property=\"og:image\" content=\"https:\/\/reformatto.com.br\/reformas\/wp-content\/uploads\/2021\/06\/reformafgalpao.jpg\" \/>\n<meta name=\"twitter:card\" content=\"summary\" \/>\n<meta name=\"twitter:label1\" content=\"Est. tempo de leitura\" \/>\n\t<meta name=\"twitter:data1\" content=\"1 minuto\" \/>\n<script type=\"application\/ld+json\" class=\"yoast-schema-graph\">{\"@context\":\"https:\/\/schema.org\",\"@graph\":[{\"@type\":\"WebSite\",\"@id\":\"https:\/\/reformatto.com.br\/reformas\/#website\",\"url\":\"https:\/\/reformatto.com.br\/reformas\/\",\"name\":\"Reformatto Engenharia - Reformas Prediais, Fachadas e Galp\\u00f5es no RJ e SP\",\"description\":\"Reformas Prediais, Fachadas e Galp\\u00f5es no RJ e em SP\",\"potentialAction\":[{\"@type\":\"SearchAction\",\"target\":\"https:\/\/reformatto.com.br\/reformas\/?s={search_term_string}\",\"query-input\":\"required name=search_term_string\"}],\"inLanguage\":\"pt-BR\"},{\"@type\":\"ImageObject\",\"@id\":\"https:\/\/reformatto.com.br\/reformas\/construcao-e-reformas\/#primaryimage\",\"inLanguage\":\"pt-BR\",\"url\":\"https:\/\/reformatto.com.br\/reformas\/wp-content\/uploads\/2021\/06\/reformafgalpao.jpg\",\"contentUrl\":\"https:\/\/reformatto.com.br\/reformas\/wp-content\/uploads\/2021\/06\/reformafgalpao.jpg\",\"width\":1920,\"height\":850,\"caption\":\"reforma de telhado de galp\\u00e3o\"},{\"@type\":\"WebPage\",\"@id\":\"https:\/\/reformatto.com.br\/reformas\/construcao-e-reformas\/#webpage\",\"url\":\"https:\/\/reformatto.com.br\/reformas\/construcao-e-reformas\/\",\"name\":\"Outros Servi\\u00e7os - Reformatto Engenharia - Reformas Prediais, Fachadas e Galp\\u00f5es no RJ e SP\",\"isPartOf\":{\"@id\":\"https:\/\/reformatto.com.br\/reformas\/#website\"},\"primaryImageOfPage\":{\"@id\":\"https:\/\/reformatto.com.br\/reformas\/construcao-e-reformas\/#primaryimage\"},\"datePublished\":\"2016-06-29T18:34:49+00:00\",\"dateModified\":\"2021-06-28T17:45:31+00:00\",\"description\":\"Constru\\u00e7\\u00e3o e Reformas no Rio de Janeiro, servi\\u00e7os t\\u00e9cnicos especializados, aplicados \\u00e0 reformas prediais, fachadas e unidades industriais e galp\\u00f5es.\",\"breadcrumb\":{\"@id\":\"https:\/\/reformatto.com.br\/reformas\/construcao-e-reformas\/#breadcrumb\"},\"inLanguage\":\"pt-BR\",\"potentialAction\":[{\"@type\":\"ReadAction\",\"target\":[\"https:\/\/reformatto.com.br\/reformas\/construcao-e-reformas\/\"]}]},{\"@type\":\"BreadcrumbList\",\"@id\":\"https:\/\/reformatto.com.br\/reformas\/construcao-e-reformas\/#breadcrumb\",\"itemListElement\":[{\"@type\":\"ListItem\",\"position\":1,\"name\":\"In\\u00edcio\",\"item\":\"https:\/\/reformatto.com.br\/reformas\/\"},{\"@type\":\"ListItem\",\"position\":2,\"name\":\"Outros Servi\\u00e7os\"}]}]}<\/script>\n<!-- \/ Yoast SEO plugin. -->","_links":{"self":[{"href":"https:\/\/reformatto.com.br\/reformas\/wp-json\/wp\/v2\/pages\/6"}],"collection":[{"href":"https:\/\/reformatto.com.br\/reformas\/wp-json\/wp\/v2\/pages"}],"about":[{"href":"https:\/\/reformatto.com.br\/reformas\/wp-json\/wp\/v2\/types\/page"}],"author":[{"embeddable":true,"href":"https:\/\/reformatto.com.br\/reformas\/wp-json\/wp\/v2\/users\/1"}],"replies":[{"embeddable":true,"href":"https:\/\/reformatto.com.br\/reformas\/wp-json\/wp\/v2\/comments?post=6"}],"version-history":[{"count":38,"href":"https:\/\/reformatto.com.br\/reformas\/wp-json\/wp\/v2\/pages\/6\/revisions"}],"predecessor-version":[{"id":1490,"href":"https:\/\/reformatto.com.br\/reformas\/wp-json\/wp\/v2\/pages\/6\/revisions\/1490"}],"wp:attachment":[{"href":"https:\/\/reformatto.com.br\/reformas\/wp-json\/wp\/v2\/media?parent=6"}],"curies":[{"name":"wp","href":"https:\/\/api.w.org\/{rel}","templated":true}]}}