{"id":4,"date":"2016-06-29T18:31:14","date_gmt":"2016-06-29T18:31:14","guid":{"rendered":"http:\/\/reformatto.com.br\/reformas\/?page_id=4"},"modified":"2021-06-28T17:29:57","modified_gmt":"2021-06-28T17:29:57","slug":"empresa","status":"publish","type":"page","link":"https:\/\/reformatto.com.br\/reformas\/empresa\/","title":{"rendered":"Empresa"},"content":{"rendered":"<h2>Saiba Mais Sobre Nossa Empresa:<\/h2>\n<p>Clique nos t\u00f3picos abaixo para saber mais sobre a <strong>Reformatto Engenharia<\/strong>:<\/p>\n<h4><ul id=\"menu-empresa\" class=\"menu\"><li id=\"menu-item-1321\" class=\"menu-item menu-item-type-post_type menu-item-object-page menu-item-1321\"><a href=\"https:\/\/reformatto.com.br\/reformas\/sobre-a-reformatto\/\">Sobre a Reformatto<\/a><\/li>\n<li id=\"menu-item-1320\" class=\"menu-item menu-item-type-post_type menu-item-object-page menu-item-1320\"><a href=\"https:\/\/reformatto.com.br\/reformas\/unidade-rio-de-janeiro\/\">Unidade Rio de Janeiro<\/a><\/li>\n<li id=\"menu-item-1319\" class=\"menu-item menu-item-type-post_type menu-item-object-page menu-item-1319\"><a href=\"https:\/\/reformatto.com.br\/reformas\/unidade-curitiba\/\">Unidade Curitiba<\/a><\/li>\n<li id=\"menu-item-1322\" class=\"menu-item menu-item-type-post_type menu-item-object-page menu-item-1322\"><a href=\"https:\/\/reformatto.com.br\/reformas\/clientes-e-parceiros\/\">Clientes e Parceiros<\/a><\/li>\n<li id=\"menu-item-1318\" class=\"menu-item menu-item-type-post_type menu-item-object-page menu-item-1318\"><a href=\"https:\/\/reformatto.com.br\/reformas\/novidades\/\">Novidades<\/a><\/li>\n<\/ul><\/h4>\n<hr \/>\n<div class=\"su-spoiler su-spoiler-style-fancy su-spoiler-icon-arrow su-spoiler-closed\" data-scroll-offset=\"0\" data-anchor-in-url=\"no\"><div class=\"su-spoiler-title\" tabindex=\"0\" role=\"button\"><span class=\"su-spoiler-icon\"><\/span>Conte com a Reformatto em sua empresa ou condom\u00ednio<\/div><div class=\"su-spoiler-content su-u-clearfix su-u-trim\">\n<div class=\"su-table su-table-alternate\">\n<table border=\"0\" width=\"996\">\n<tbody>\n<tr>\n<td><a href=\"https:\/\/reformatto.com.br\/reformas\/reforma-de-fachadas-2\/\"><strong>Reforma de Fachada Condom\u00ednios<\/strong><\/a><\/td>\n<td><a href=\"https:\/\/reformatto.com.br\/reformas\/manutencao-industrial\/\"><strong>Manuten\u00e7\u00e3o Pr\u00e9dio Industrial<\/strong><\/a><\/td>\n<td><a href=\"https:\/\/reformatto.com.br\/reformas\/telhados-de-galpoes\/\"><strong>Reforma Telhado Galp\u00f5es<\/strong><\/a><\/td>\n<\/tr>\n<tr>\n<td><a href=\"https:\/\/reformatto.com.br\/reformas\/recuperacao-estrutural\/\"><strong>Recupera\u00e7\u00e3o Estrutural <\/strong><\/a><\/td>\n<td><a href=\"https:\/\/reformatto.com.br\/reformas\/impermeabilizacoes\/\"><strong>Impermeabiliza\u00e7\u00f5es<\/strong><\/a><\/td>\n<td><a href=\"https:\/\/reformatto.com.br\/reformas\/outros-servicos\/\"><strong>Outros servi\u00e7os<\/strong><\/a><\/td>\n<\/tr>\n<\/tbody>\n<\/table>\n<\/div>\n<\/div><\/div>\n<p><a href=\"https:\/\/reformatto.com.br\/reformas\/wp-content\/uploads\/2021\/06\/reformafgalpao.jpg\" data-rel=\"lightbox-image-0\" data-rl_title=\"\" data-rl_caption=\"\" title=\"\"><img loading=\"lazy\" class=\"aligncenter wp-image-1480 size-full\" title=\"Solicite Nosso Or\u00e7amento\" src=\"https:\/\/reformatto.com.br\/reformas\/wp-content\/uploads\/2021\/06\/reformafgalpao.jpg\" alt=\"reforma de telhado de galp\u00e3o\" width=\"1920\" height=\"850\" srcset=\"https:\/\/reformatto.com.br\/reformas\/wp-content\/uploads\/2021\/06\/reformafgalpao.jpg 1920w, https:\/\/reformatto.com.br\/reformas\/wp-content\/uploads\/2021\/06\/reformafgalpao-300x133.jpg 300w, https:\/\/reformatto.com.br\/reformas\/wp-content\/uploads\/2021\/06\/reformafgalpao-1024x453.jpg 1024w, https:\/\/reformatto.com.br\/reformas\/wp-content\/uploads\/2021\/06\/reformafgalpao-768x340.jpg 768w, https:\/\/reformatto.com.br\/reformas\/wp-content\/uploads\/2021\/06\/reformafgalpao-1536x680.jpg 1536w, https:\/\/reformatto.com.br\/reformas\/wp-content\/uploads\/2021\/06\/reformafgalpao-360x159.jpg 360w\" sizes=\"(max-width: 1920px) 100vw, 1920px\" \/><\/a><\/p>\n","protected":false},"excerpt":{"rendered":"<p>Engenharia alinhada a servi\u00e7os t\u00e9cnicos de qualidade s\u00e3o nosso maior diferencial<\/p>\n","protected":false},"author":1,"featured_media":0,"parent":0,"menu_order":1,"comment_status":"closed","ping_status":"closed","template":"","meta":{"_links_to":"","_links_to_target":""},"yoast_head":"<!-- This site is optimized with the Yoast SEO plugin v16.5 - https:\/\/yoast.com\/wordpress\/plugins\/seo\/ -->\n<title>Empresa - Reformatto Engenharia - Reformas Prediais, Fachadas e Galp\u00f5es no RJ e SP<\/title>\n<meta name=\"robots\" content=\"index, follow, max-snippet:-1, max-image-preview:large, max-video-preview:-1\" \/>\n<link rel=\"canonical\" href=\"https:\/\/reformatto.com.br\/reformas\/empresa\/\" \/>\n<meta property=\"og:locale\" content=\"pt_BR\" \/>\n<meta property=\"og:type\" content=\"article\" \/>\n<meta property=\"og:title\" content=\"Empresa - Reformatto Engenharia - Reformas Prediais, Fachadas e Galp\u00f5es no RJ e SP\" \/>\n<meta property=\"og:description\" content=\"Engenharia alinhada a servi\u00e7os t\u00e9cnicos de qualidade s\u00e3o nosso maior diferencial\" \/>\n<meta property=\"og:url\" content=\"https:\/\/reformatto.com.br\/reformas\/empresa\/\" \/>\n<meta property=\"og:site_name\" content=\"Reformatto Engenharia - Reformas Prediais, Fachadas e Galp\u00f5es no RJ e SP\" \/>\n<meta property=\"article:modified_time\" content=\"2021-06-28T17:29:57+00:00\" \/>\n<meta property=\"og:image\" content=\"https:\/\/reformatto.com.br\/reformas\/wp-content\/uploads\/2021\/06\/reformafgalpao.jpg\" \/>\n<meta name=\"twitter:card\" content=\"summary\" \/>\n<meta name=\"twitter:label1\" content=\"Est. tempo de leitura\" \/>\n\t<meta name=\"twitter:data1\" content=\"1 minuto\" \/>\n<script type=\"application\/ld+json\" class=\"yoast-schema-graph\">{\"@context\":\"https:\/\/schema.org\",\"@graph\":[{\"@type\":\"WebSite\",\"@id\":\"https:\/\/reformatto.com.br\/reformas\/#website\",\"url\":\"https:\/\/reformatto.com.br\/reformas\/\",\"name\":\"Reformatto Engenharia - Reformas Prediais, Fachadas e Galp\\u00f5es no RJ e SP\",\"description\":\"Reformas Prediais, Fachadas e Galp\\u00f5es no RJ e em SP\",\"potentialAction\":[{\"@type\":\"SearchAction\",\"target\":\"https:\/\/reformatto.com.br\/reformas\/?s={search_term_string}\",\"query-input\":\"required name=search_term_string\"}],\"inLanguage\":\"pt-BR\"},{\"@type\":\"ImageObject\",\"@id\":\"https:\/\/reformatto.com.br\/reformas\/empresa\/#primaryimage\",\"inLanguage\":\"pt-BR\",\"url\":\"https:\/\/reformatto.com.br\/reformas\/wp-content\/uploads\/2021\/06\/reformafgalpao.jpg\",\"contentUrl\":\"https:\/\/reformatto.com.br\/reformas\/wp-content\/uploads\/2021\/06\/reformafgalpao.jpg\",\"width\":1920,\"height\":850,\"caption\":\"reforma de telhado de galp\\u00e3o\"},{\"@type\":\"WebPage\",\"@id\":\"https:\/\/reformatto.com.br\/reformas\/empresa\/#webpage\",\"url\":\"https:\/\/reformatto.com.br\/reformas\/empresa\/\",\"name\":\"Empresa - Reformatto Engenharia - Reformas Prediais, Fachadas e Galp\\u00f5es no RJ e SP\",\"isPartOf\":{\"@id\":\"https:\/\/reformatto.com.br\/reformas\/#website\"},\"primaryImageOfPage\":{\"@id\":\"https:\/\/reformatto.com.br\/reformas\/empresa\/#primaryimage\"},\"datePublished\":\"2016-06-29T18:31:14+00:00\",\"dateModified\":\"2021-06-28T17:29:57+00:00\",\"breadcrumb\":{\"@id\":\"https:\/\/reformatto.com.br\/reformas\/empresa\/#breadcrumb\"},\"inLanguage\":\"pt-BR\",\"potentialAction\":[{\"@type\":\"ReadAction\",\"target\":[\"https:\/\/reformatto.com.br\/reformas\/empresa\/\"]}]},{\"@type\":\"BreadcrumbList\",\"@id\":\"https:\/\/reformatto.com.br\/reformas\/empresa\/#breadcrumb\",\"itemListElement\":[{\"@type\":\"ListItem\",\"position\":1,\"name\":\"In\\u00edcio\",\"item\":\"https:\/\/reformatto.com.br\/reformas\/\"},{\"@type\":\"ListItem\",\"position\":2,\"name\":\"Empresa\"}]}]}<\/script>\n<!-- \/ Yoast SEO plugin. -->","_links":{"self":[{"href":"https:\/\/reformatto.com.br\/reformas\/wp-json\/wp\/v2\/pages\/4"}],"collection":[{"href":"https:\/\/reformatto.com.br\/reformas\/wp-json\/wp\/v2\/pages"}],"about":[{"href":"https:\/\/reformatto.com.br\/reformas\/wp-json\/wp\/v2\/types\/page"}],"author":[{"embeddable":true,"href":"https:\/\/reformatto.com.br\/reformas\/wp-json\/wp\/v2\/users\/1"}],"replies":[{"embeddable":true,"href":"https:\/\/reformatto.com.br\/reformas\/wp-json\/wp\/v2\/comments?post=4"}],"version-history":[{"count":58,"href":"https:\/\/reformatto.com.br\/reformas\/wp-json\/wp\/v2\/pages\/4\/revisions"}],"predecessor-version":[{"id":1481,"href":"https:\/\/reformatto.com.br\/reformas\/wp-json\/wp\/v2\/pages\/4\/revisions\/1481"}],"wp:attachment":[{"href":"https:\/\/reformatto.com.br\/reformas\/wp-json\/wp\/v2\/media?parent=4"}],"curies":[{"name":"wp","href":"https:\/\/api.w.org\/{rel}","templated":true}]}}