{"id":379,"date":"2017-02-01T20:49:08","date_gmt":"2017-02-01T20:49:08","guid":{"rendered":"http:\/\/reformatto.com.br\/reformas\/?page_id=379"},"modified":"2021-06-28T17:49:30","modified_gmt":"2021-06-28T17:49:30","slug":"impermeabilizacoes","status":"publish","type":"page","link":"https:\/\/reformatto.com.br\/reformas\/impermeabilizacoes\/","title":{"rendered":"Impermeabiliza\u00e7\u00e3o"},"content":{"rendered":"<h2>Impermeabiliza\u00e7\u00e3o<\/h2>\n<p>Disponibilizamos servi\u00e7o de Impermeabiliza\u00e7\u00f5es, atendendo a \u00a0condom\u00ednios, empresas e unidades residenciais, fornecendo servi\u00e7os e solu\u00e7\u00f5es\u00a0que mesclam conhecimento t\u00e9cnico e impermeabilizantes\u00a0de alta tecnologia, desenvolvidos especialmente para impermeabilizar diferentes superf\u00edcies e \u00e1reas, resultando em impermeabiliza\u00e7\u00e3o eficaz e de\u00a0alta durabilidade, incluindo\u00a0veda\u00e7\u00f5es estruturais.<\/p>\n<p>Nossos servi\u00e7os incluem:<\/p>\n<div class=\"su-table su-table-alternate\">\n<table>\n<tbody>\n<tr>\n<td>Manuten\u00e7\u00e3o e impermeabiliza\u00e7\u00e3o de caixas d\u2019\u00e1gua e terra\u00e7os<\/td>\n<\/tr>\n<tr>\n<td>impermeabiliza\u00e7\u00e3o de lajes expostas<\/td>\n<\/tr>\n<tr>\n<td>impermeabiliza\u00e7\u00e3o de \u00e1reas frias<\/td>\n<\/tr>\n<tr>\n<td>impermeabiliza\u00e7\u00e3o de lajes com piso<\/td>\n<\/tr>\n<\/tbody>\n<\/table>\n<p style=\"text-align: justify;\"><\/div>\n<div class=\"su-note\" id=\"\" style=\"border-color:#d6d6d6;border-radius:3px;-moz-border-radius:3px;-webkit-border-radius:3px;\"><div class=\"su-note-inner su-u-clearfix su-u-trim\" style=\"background-color:#f0f0f0;border-color:#ffffff;color:#333333;border-radius:3px;-moz-border-radius:3px;-webkit-border-radius:3px;\">\n<p>Seu condom\u00ednio ou pr\u00e9dio industrial apresenta vazamento ou infiltra\u00e7\u00e3o? Chame um especialista e resolva de modo definitivo ,\u00a0<a href=\"http:\/\/reformatto.com.br\/reformas\/contatos\/\">entre em contato com a <strong>Reformatto Engenharia<\/strong><\/a>.<\/p>\n<\/div><\/div>\n<div class=\"su-spoiler su-spoiler-style-fancy su-spoiler-icon-arrow su-spoiler-closed\" data-scroll-offset=\"0\" data-anchor-in-url=\"no\"><div class=\"su-spoiler-title\" tabindex=\"0\" role=\"button\"><span class=\"su-spoiler-icon\"><\/span>Conte com a Reformatto em sua empresa ou condom\u00ednio<\/div><div class=\"su-spoiler-content su-u-clearfix su-u-trim\">\n<p>Somos especializados em sistemas de impermeabiliza\u00e7\u00e3o de lajes e telhados.<\/p>\n\n\n<!-- Fast Secure Contact Form plugin 4.0.52 - begin - FastSecureContactForm.com -->\r\n<div style=\"clear:both;\"><\/div>\n<p>Entre em contato conosco ou solicite or\u00e7amentos.<\/p>\r\n<div id=\"FSContact1\" style=\"width:99%; max-width:555px;\">\r\n<form action=\"https:\/\/reformatto.com.br\/reformas\/wp-json\/wp\/v2\/pages\/379#FSContact1\" id=\"fscf_form1\" method=\"post\">\r\n\n<div id=\"fscf_div_clear1_0\" style=\"clear:both;\">\n  <div id=\"fscf_div_field1_0\" style=\"clear:left; float:left; width:99%; max-width:550px; margin-right:10px;\">\r\n    <div style=\"text-align:left; padding-top:5px;\">\n      <label style=\"text-align:left;\" for=\"fscf_name1\">Nome:<\/label>\n    <\/div>\r\n    <div style=\"text-align:left;\">\r\n      <input style=\"text-align:left; margin:0; width:99%; max-width:250px;\" type=\"text\" id=\"fscf_name1\" name=\"full_name\" value=\"\"  \/>\r\n    <\/div>\r\n  <\/div>\n<\/div>\n\n<div id=\"fscf_div_clear1_1\" style=\"clear:both;\">\n  <div id=\"fscf_div_field1_1\" style=\"clear:left; float:left; width:99%; max-width:550px; margin-right:10px;\">\n    <div style=\"text-align:left; padding-top:5px;\">\n      <label style=\"text-align:left;\" for=\"fscf_email1\">Email:<\/label>\n    <\/div>\n    <div style=\"text-align:left;\">\n      <input style=\"text-align:left; margin:0; width:99%; max-width:250px;\" type=\"text\" id=\"fscf_email1\" name=\"email\" value=\"\"  \/>\n    <\/div>\n  <\/div>\n<\/div>\n\n<div id=\"fscf_div_clear1_4\" style=\"clear:both;\">\n  <div id=\"fscf_div_field1_4\" style=\"clear:left; float:left; width:99%; max-width:550px; margin-right:10px;\">\n    <div  id=\"fscf_label1_4\" style=\"text-align:left; padding-top:5px;\">\r\n      <label style=\"text-align:left;\" for=\"fscf_field1_4\">DDD e telefone:<\/label>\n    <\/div>\n    <div style=\"text-align:left;\">\n      <input style=\"text-align:left; margin:0; width:99%; max-width:250px;\" type=\"text\" id=\"fscf_field1_4\" name=\"DDD-e-telefone\" value=\"\"  \/>\n    <\/div>\n  <\/div>\n<\/div>\n\n<div id=\"fscf_div_clear1_2\" style=\"clear:both;\">\n  <div id=\"fscf_div_field1_2\" style=\"clear:left; float:left; width:99%; max-width:550px; margin-right:10px;\">\n    <div style=\"text-align:left; padding-top:5px;\">\n      <label style=\"text-align:left;\" for=\"fscf_field1_2\">Sujeito:<\/label>\n    <\/div>\n    <div style=\"text-align:left;\">\n      <select style=\"text-align:left;\" id=\"fscf_field1_2\" name=\"subject[]\">\n        <option value=\"1\">Reforma de fachada predial<\/option>\n        <option value=\"2\">Reforma e Manuten\u00e7\u00e3o Unidade Industrial<\/option>\n        <option value=\"3\">Impermeabiliza\u00e7\u00e3o<\/option>\n        <option value=\"4\">Reforma de telhado de galp\u00e3o<\/option>\n        <option value=\"5\">Recupera\u00e7\u00e3o de estrutura<\/option>\n        <option value=\"6\">Outros assuntos - Diversos<\/option>\n      <\/select>\n    <\/div>\n  <\/div>\n<\/div>\n\n<div id=\"fscf_div_clear1_5\" style=\"clear:both;\">\n  <div id=\"fscf_div_field1_5\" style=\"clear:left; float:left; width:99%; max-width:550px; margin-right:10px;\">\n    <div  id=\"fscf_label1_5\" style=\"text-align:left; padding-top:5px;\">\r\n      <label style=\"text-align:left;\" for=\"fscf_field1_5\">Local da obra (bairro e cidade):<\/label>\n    <\/div>\n    <div style=\"text-align:left;\">\n      <input style=\"text-align:left; margin:0; width:99%; max-width:250px;\" type=\"text\" id=\"fscf_field1_5\" name=\"Local-da-obra-bairro-e-cidade\" value=\"\"  \/>\n    <\/div>\n  <\/div>\n<\/div>\n\n<div id=\"fscf_div_clear1_3\" style=\"clear:both;\">\n  <div id=\"fscf_div_field1_3\" style=\"clear:left; float:left; width:99%; max-width:550px; margin-right:10px;\">\n    <div style=\"text-align:left; padding-top:5px;\">\n      <label style=\"text-align:left;\" for=\"fscf_field1_3\">Mensagem:<\/label>\n    <\/div>\n    <div style=\"text-align:left;\">\n      <textarea style=\"text-align:left; margin:0; width:99%; max-width:250px; height:120px;\" id=\"fscf_field1_3\" name=\"message\" cols=\"30\" rows=\"10\" ><\/textarea>\n    <\/div>\n  <\/div>\n<\/div>\r\n<div style=\"clear:both;\"><\/div>\n\n<div id=\"fscf_submit_div1\" style=\"text-align:left; clear:both; padding-top:15px;\">\r\n\t\t<input type=\"submit\" id=\"fscf_submit1\" style=\"cursor:pointer; margin:0;\" value=\"Enviar\"  onclick=\"this.disabled=true; this.value='Enviando...'; this.form.submit();\" \/> \n<\/div>\n\n<input type=\"hidden\" name=\"fscf_submitted\" value=\"0\" \/>\n<input type=\"hidden\" name=\"fs_postonce_1\" value=\"80c3fec1af4940782510e6b14bfea7dd,1778841694\" \/>\n<input type=\"hidden\" name=\"si_contact_action\" value=\"send\" \/>\n<input type=\"hidden\" name=\"form_id\" value=\"1\" \/>\n<input type=\"hidden\" name=\"mailto_id\" value=\"1\" \/>\n\n<\/form>\n<\/div>\r\n<div style=\"clear:both;\"><\/div>\n\n<!-- Fast Secure Contact Form plugin 4.0.52 - end - FastSecureContactForm.com -->\n\n<div class=\"su-table su-table-alternate\">\n<table border=\"0\" width=\"996\">\n<tbody>\n<tr>\n<td><strong>Impermeabiliza\u00e7\u00f5es e Manuten\u00e7\u00e3o Predial<\/strong><\/td>\n<td><strong>Impermeabiliza\u00e7\u00e3o e Pintura no\u00a0RJ<\/strong><\/td>\n<td><strong>Impermeabiliza\u00e7\u00e3o e Pintura PR<\/strong><\/td>\n<\/tr>\n<tr>\n<td>Parcelamos Para Condom\u00ednios<br \/>\n<a title=\"Impermeabiliza\u00e7\u00f5es e Manuten\u00e7\u00e3o Predial\" href=\"http:\/\/reformatto.com.br\/reformas\">reformatto.com.br\/reformas<\/a><br \/>\nReformas Manuten\u00e7\u00e3o Pintura de Fachadas, Impermeabiliza\u00e7\u00e3o e Reforma de Telhado<\/td>\n<td>Menor Pre\u00e7o do RJ<a title=\"Impermeabiliza\u00e7\u00f5es e Manuten\u00e7\u00e3o Predial\" href=\"http:\/\/reformatto.com.br\/reformas\"><br \/>\nreformatto.com.br\/reformas<\/a><br \/>\nImpermeabiliza\u00e7\u00e3o de lajes e coberturas,<br \/>\nVistoria e Manuten\u00e7\u00e3o de \u00e1reas impermeabilizadas<\/td>\n<td>Parcelamos Para Condom\u00ednios<br \/>\n<a title=\"Impermeabiliza\u00e7\u00f5es e Manuten\u00e7\u00e3o Predial\" href=\"http:\/\/reformatto.com.br\/reformas\">reformatto.com.br\/reformas<\/a><br \/>\nImpermeabiliza\u00e7\u00f5es, pintura, Revitaliza\u00e7\u00e3o<br \/>\nPintura Especial Pisos Estacionamento e Play<\/td>\n<\/tr>\n<\/tbody>\n<\/table>\n<\/div>\n<\/div><\/div>\n      <style>\r\n        #insta-gallery-feed-2146723255 .insta-gallery-list .insta-gallery-item .insta-gallery-image-wrap .insta-gallery-image-mask {background-color: #000000;}      <\/style>\r\n<div id=\"insta-gallery-feed-2146723255\" class=\"insta-gallery-feed insta-gallery-square\" data-feed=\"{&quot;id&quot;:5,&quot;order&quot;:6,&quot;username&quot;:&quot;17841413429485677&quot;,&quot;type&quot;:&quot;username&quot;,&quot;tag&quot;:&quot;wordpress&quot;,&quot;order_by&quot;:&quot;top_media&quot;,&quot;layout&quot;:&quot;carousel&quot;,&quot;limit&quot;:&quot;50&quot;,&quot;columns&quot;:&quot;3&quot;,&quot;resolution&quot;:&quot;medium&quot;,&quot;lazy&quot;:false,&quot;spacing&quot;:5,&quot;highlight&quot;:[&quot;&quot;],&quot;profile&quot;:{&quot;id&quot;:17841413429485677,&quot;username&quot;:&quot;&quot;,&quot;website&quot;:&quot;&quot;,&quot;biography&quot;:&quot;&quot;,&quot;name&quot;:&quot;&quot;,&quot;followers_count&quot;:0,&quot;media_count&quot;:0,&quot;profile_picture_url&quot;:&quot;http:\\\/\\\/2.gravatar.com\\\/avatar\\\/b642b4217b34b1e8d3bd915fc65c4452?s=150&amp;d=mm&amp;r=g&quot;,&quot;link&quot;:&quot;&quot;,&quot;error&quot;:1,&quot;message&quot;:&quot;Error validating access token: Session has expired on Tuesday, 03-Aug-21 06:59:27 PDT. The current time is Friday, 15-May-26 03:24:24 PDT.&quot;},&quot;box&quot;:{&quot;display&quot;:false,&quot;padding&quot;:&quot;1&quot;,&quot;radius&quot;:&quot;0&quot;,&quot;background&quot;:&quot;#fefefe&quot;,&quot;profile&quot;:false,&quot;desc&quot;:&quot;&quot;,&quot;color_text&quot;:&quot;#000000&quot;},&quot;mask&quot;:{&quot;display&quot;:true,&quot;background&quot;:&quot;#000000&quot;,&quot;likes&quot;:true,&quot;comments&quot;:true},&quot;card&quot;:{&quot;display&quot;:false,&quot;radius&quot;:&quot;1&quot;,&quot;font_size&quot;:&quot;12&quot;,&quot;background&quot;:&quot;#ffffff&quot;,&quot;text_color&quot;:&quot;#000000&quot;,&quot;padding&quot;:&quot;5&quot;,&quot;info&quot;:true,&quot;length&quot;:&quot;10&quot;,&quot;caption&quot;:true},&quot;carousel&quot;:{&quot;slidespv&quot;:&quot;4&quot;,&quot;autoplay&quot;:false,&quot;autoplay_interval&quot;:&quot;3000&quot;,&quot;navarrows&quot;:true,&quot;navarrows_color&quot;:&quot;&quot;,&quot;pagination&quot;:true,&quot;pagination_color&quot;:&quot;&quot;},&quot;popup&quot;:{&quot;display&quot;:true,&quot;profile&quot;:false,&quot;caption&quot;:false,&quot;likes&quot;:false,&quot;comments&quot;:false,&quot;align&quot;:&quot;bottom&quot;},&quot;button&quot;:{&quot;display&quot;:true,&quot;text&quot;:&quot;View on Instagram&quot;,&quot;background&quot;:&quot;&quot;,&quot;background_hover&quot;:&quot;&quot;},&quot;button_load&quot;:{&quot;display&quot;:false,&quot;text&quot;:&quot;Load more...&quot;,&quot;background&quot;:&quot;&quot;,&quot;background_hover&quot;:&quot;&quot;},&quot;panel&quot;:&quot;tab_panel_carousel&quot;,&quot;insta_layout&quot;:&quot;carousel&quot;,&quot;insta_box&quot;:false,&quot;insta_box-padding&quot;:&quot;1&quot;,&quot;insta_box-radius&quot;:&quot;0&quot;,&quot;insta_box-background&quot;:&quot;#fefefe&quot;,&quot;insta_box-profile&quot;:false,&quot;insta_box-desc&quot;:&quot;&quot;,&quot;insta_box-color-text&quot;:&quot;#000000&quot;,&quot;insta_button_load&quot;:false,&quot;insta_button_load-background-hover&quot;:&quot;&quot;,&quot;insta_button_load-background&quot;:&quot;&quot;,&quot;insta_button_load-text&quot;:&quot;Load more...&quot;,&quot;insta_button&quot;:true,&quot;insta_button-background-hover&quot;:&quot;&quot;,&quot;insta_button-background&quot;:&quot;&quot;,&quot;insta_button-text&quot;:&quot;View on Instagram&quot;,&quot;insta_card&quot;:false,&quot;insta_card-font-size&quot;:&quot;12&quot;,&quot;insta_card-color-text&quot;:&quot;#000000&quot;,&quot;insta_card-padding&quot;:&quot;5&quot;,&quot;insta_card-radius&quot;:&quot;1&quot;,&quot;insta_card-background&quot;:&quot;#ffffff&quot;}\" data-feed_layout=\"carousel\">\r\n    <div class=\"swiper-container\">\r\n    <div class=\"insta-gallery-list swiper-wrapper\">\r\n    <\/div>\r\n          <div class=\"swiper-pagination\"><\/div>\r\n              <div class=\"swiper-button-prev\">\r\n        <i class=\"qligg-icon-prev\"><\/i>\r\n      <\/div>\r\n      <div class=\"swiper-button-next\">\r\n        <i class=\"qligg-icon-next\"><\/i>\r\n      <\/div>\r\n        <div class=\"insta-gallery-spinner\"><\/div>  <\/div>\r\n    <div class=\"insta-gallery-actions\">\r\n    <a href=\"https:\/\/www.instagram.com\/\" target=\"blank\" class=\"insta-gallery-button follow\"><i class=\"qligg-icon-instagram-o\"><\/i>View on Instagram<\/a>\r\n  <\/div>\r\n <\/div>\n<p><a href=\"https:\/\/reformatto.com.br\/reformas\/contatos\/\"><img loading=\"lazy\" class=\"aligncenter wp-image-1495 size-full\" src=\"https:\/\/reformatto.com.br\/reformas\/wp-content\/uploads\/2021\/06\/impermeabilizacao.jpg\" alt=\"Impermeabiliza\u00e7\u00e3o de laje e telhado\" width=\"1920\" height=\"850\" srcset=\"https:\/\/reformatto.com.br\/reformas\/wp-content\/uploads\/2021\/06\/impermeabilizacao.jpg 1920w, https:\/\/reformatto.com.br\/reformas\/wp-content\/uploads\/2021\/06\/impermeabilizacao-300x133.jpg 300w, https:\/\/reformatto.com.br\/reformas\/wp-content\/uploads\/2021\/06\/impermeabilizacao-1024x453.jpg 1024w, https:\/\/reformatto.com.br\/reformas\/wp-content\/uploads\/2021\/06\/impermeabilizacao-768x340.jpg 768w, https:\/\/reformatto.com.br\/reformas\/wp-content\/uploads\/2021\/06\/impermeabilizacao-1536x680.jpg 1536w, https:\/\/reformatto.com.br\/reformas\/wp-content\/uploads\/2021\/06\/impermeabilizacao-360x159.jpg 360w\" sizes=\"(max-width: 1920px) 100vw, 1920px\" \/><\/a><\/p>\n","protected":false},"excerpt":{"rendered":"<p>Impermeabiliza\u00e7\u00e3o Disponibilizamos servi\u00e7o de Impermeabiliza\u00e7\u00f5es, atendendo a \u00a0condom\u00ednios, empresas e unidades residenciais, fornecendo servi\u00e7os e solu\u00e7\u00f5es\u00a0que mesclam conhecimento t\u00e9cnico e impermeabilizantes\u00a0de alta tecnologia, desenvolvidos especialmente para impermeabilizar diferentes superf\u00edcies e \u00e1reas, resultando em impermeabiliza\u00e7\u00e3o eficaz e de\u00a0alta durabilidade, incluindo\u00a0veda\u00e7\u00f5es estruturais.&hellip;&nbsp;<a href=\"https:\/\/reformatto.com.br\/reformas\/impermeabilizacoes\/\" class=\"more-link\">Saiba Mais<\/a><\/p>\n","protected":false},"author":1,"featured_media":0,"parent":0,"menu_order":6,"comment_status":"closed","ping_status":"closed","template":"","meta":{"_links_to":"","_links_to_target":""},"yoast_head":"<!-- This site is optimized with the Yoast SEO plugin v16.5 - https:\/\/yoast.com\/wordpress\/plugins\/seo\/ -->\n<title>Impermeabiliza\u00e7\u00e3o - Reformatto Engenharia - Reformas Prediais, Fachadas e Galp\u00f5es no RJ e SP<\/title>\n<meta name=\"description\" content=\"Impermeabiliza\u00e7\u00f5es de lajes de condom\u00ednios, Impermeabiliza\u00e7\u00f5es de \u00e1reas frias, lajes e coberturas e impermeabiliza\u00e7\u00e3o de caixas d\u2019\u00e1gua no RJ\" \/>\n<meta name=\"robots\" content=\"index, follow, max-snippet:-1, max-image-preview:large, max-video-preview:-1\" \/>\n<link rel=\"canonical\" href=\"https:\/\/reformatto.com.br\/reformas\/impermeabilizacoes\/\" \/>\n<meta property=\"og:locale\" content=\"pt_BR\" \/>\n<meta property=\"og:type\" content=\"article\" \/>\n<meta property=\"og:title\" content=\"Impermeabiliza\u00e7\u00e3o - Reformatto Engenharia - Reformas Prediais, Fachadas e Galp\u00f5es no RJ e SP\" \/>\n<meta property=\"og:description\" content=\"Impermeabiliza\u00e7\u00f5es de lajes de condom\u00ednios, Impermeabiliza\u00e7\u00f5es de \u00e1reas frias, lajes e coberturas e impermeabiliza\u00e7\u00e3o de caixas d\u2019\u00e1gua no RJ\" \/>\n<meta property=\"og:url\" content=\"https:\/\/reformatto.com.br\/reformas\/impermeabilizacoes\/\" \/>\n<meta property=\"og:site_name\" content=\"Reformatto Engenharia - Reformas Prediais, Fachadas e Galp\u00f5es no RJ e SP\" \/>\n<meta property=\"article:modified_time\" content=\"2021-06-28T17:49:30+00:00\" \/>\n<meta property=\"og:image\" content=\"https:\/\/reformatto.com.br\/reformas\/wp-content\/uploads\/2021\/06\/impermeabilizacao.jpg\" \/>\n<meta name=\"twitter:card\" content=\"summary\" \/>\n<meta name=\"twitter:label1\" content=\"Est. tempo de leitura\" \/>\n\t<meta name=\"twitter:data1\" content=\"1 minuto\" \/>\n<script type=\"application\/ld+json\" class=\"yoast-schema-graph\">{\"@context\":\"https:\/\/schema.org\",\"@graph\":[{\"@type\":\"WebSite\",\"@id\":\"https:\/\/reformatto.com.br\/reformas\/#website\",\"url\":\"https:\/\/reformatto.com.br\/reformas\/\",\"name\":\"Reformatto Engenharia - Reformas Prediais, Fachadas e Galp\\u00f5es no RJ e SP\",\"description\":\"Reformas Prediais, Fachadas e Galp\\u00f5es no RJ e em SP\",\"potentialAction\":[{\"@type\":\"SearchAction\",\"target\":\"https:\/\/reformatto.com.br\/reformas\/?s={search_term_string}\",\"query-input\":\"required name=search_term_string\"}],\"inLanguage\":\"pt-BR\"},{\"@type\":\"ImageObject\",\"@id\":\"https:\/\/reformatto.com.br\/reformas\/impermeabilizacoes\/#primaryimage\",\"inLanguage\":\"pt-BR\",\"url\":\"https:\/\/reformatto.com.br\/reformas\/wp-content\/uploads\/2021\/06\/impermeabilizacao.jpg\",\"contentUrl\":\"https:\/\/reformatto.com.br\/reformas\/wp-content\/uploads\/2021\/06\/impermeabilizacao.jpg\",\"width\":1920,\"height\":850,\"caption\":\"Impermeabiliza\\u00e7\\u00e3o de laje e telhado\"},{\"@type\":\"WebPage\",\"@id\":\"https:\/\/reformatto.com.br\/reformas\/impermeabilizacoes\/#webpage\",\"url\":\"https:\/\/reformatto.com.br\/reformas\/impermeabilizacoes\/\",\"name\":\"Impermeabiliza\\u00e7\\u00e3o - Reformatto Engenharia - Reformas Prediais, Fachadas e Galp\\u00f5es no RJ e SP\",\"isPartOf\":{\"@id\":\"https:\/\/reformatto.com.br\/reformas\/#website\"},\"primaryImageOfPage\":{\"@id\":\"https:\/\/reformatto.com.br\/reformas\/impermeabilizacoes\/#primaryimage\"},\"datePublished\":\"2017-02-01T20:49:08+00:00\",\"dateModified\":\"2021-06-28T17:49:30+00:00\",\"description\":\"Impermeabiliza\\u00e7\\u00f5es de lajes de condom\\u00ednios, Impermeabiliza\\u00e7\\u00f5es de \\u00e1reas frias, lajes e coberturas e impermeabiliza\\u00e7\\u00e3o de caixas d\\u2019\\u00e1gua no RJ\",\"breadcrumb\":{\"@id\":\"https:\/\/reformatto.com.br\/reformas\/impermeabilizacoes\/#breadcrumb\"},\"inLanguage\":\"pt-BR\",\"potentialAction\":[{\"@type\":\"ReadAction\",\"target\":[\"https:\/\/reformatto.com.br\/reformas\/impermeabilizacoes\/\"]}]},{\"@type\":\"BreadcrumbList\",\"@id\":\"https:\/\/reformatto.com.br\/reformas\/impermeabilizacoes\/#breadcrumb\",\"itemListElement\":[{\"@type\":\"ListItem\",\"position\":1,\"name\":\"In\\u00edcio\",\"item\":\"https:\/\/reformatto.com.br\/reformas\/\"},{\"@type\":\"ListItem\",\"position\":2,\"name\":\"Impermeabiliza\\u00e7\\u00e3o\"}]}]}<\/script>\n<!-- \/ Yoast SEO plugin. -->","_links":{"self":[{"href":"https:\/\/reformatto.com.br\/reformas\/wp-json\/wp\/v2\/pages\/379"}],"collection":[{"href":"https:\/\/reformatto.com.br\/reformas\/wp-json\/wp\/v2\/pages"}],"about":[{"href":"https:\/\/reformatto.com.br\/reformas\/wp-json\/wp\/v2\/types\/page"}],"author":[{"embeddable":true,"href":"https:\/\/reformatto.com.br\/reformas\/wp-json\/wp\/v2\/users\/1"}],"replies":[{"embeddable":true,"href":"https:\/\/reformatto.com.br\/reformas\/wp-json\/wp\/v2\/comments?post=379"}],"version-history":[{"count":32,"href":"https:\/\/reformatto.com.br\/reformas\/wp-json\/wp\/v2\/pages\/379\/revisions"}],"predecessor-version":[{"id":1496,"href":"https:\/\/reformatto.com.br\/reformas\/wp-json\/wp\/v2\/pages\/379\/revisions\/1496"}],"wp:attachment":[{"href":"https:\/\/reformatto.com.br\/reformas\/wp-json\/wp\/v2\/media?parent=379"}],"curies":[{"name":"wp","href":"https:\/\/api.w.org\/{rel}","templated":true}]}}