{"id":375,"date":"2017-02-01T20:48:39","date_gmt":"2017-02-01T20:48:39","guid":{"rendered":"http:\/\/reformatto.com.br\/reformas\/?page_id=375"},"modified":"2019-10-29T19:36:40","modified_gmt":"2019-10-29T19:36:40","slug":"pinturas","status":"publish","type":"page","link":"https:\/\/reformatto.com.br\/reformas\/pinturas\/","title":{"rendered":"Pinturas"},"content":{"rendered":"<h2>Pinturas<\/h2>\n<p style=\"text-align: justify;\"><a href=\"http:\/\/reformatto.com.br\/reformas\/wp-content\/uploads\/2017\/02\/foto_pintura2.jpg\" data-rel=\"lightbox-image-0\" data-rl_title=\"\" data-rl_caption=\"\" title=\"\"><img loading=\"lazy\" class=\"alignleft size-medium wp-image-484\" src=\"http:\/\/reformatto.com.br\/reformas\/wp-content\/uploads\/2017\/02\/foto_pintura2-300x225.jpg\" alt=\"Pintura Predial\" width=\"300\" height=\"225\" srcset=\"https:\/\/reformatto.com.br\/reformas\/wp-content\/uploads\/2017\/02\/foto_pintura2-300x225.jpg 300w, https:\/\/reformatto.com.br\/reformas\/wp-content\/uploads\/2017\/02\/foto_pintura2.jpg 600w\" sizes=\"(max-width: 300px) 100vw, 300px\" \/><\/a>Executamos <strong>pintura profissional<\/strong> em \u00e1reas externas ou internas, al\u00e9m de pintura de\u00a0fachadas em edif\u00edcios residenciais e comerciais, bem como pintura de galp\u00f5es, muros e pintura especial em pisos, estruturas met\u00e1licas e de madeira.<br \/>\nUtilizamos tintas de primeira linha e m\u00e1quinas especializadas, propiciando maior rendimento, higieniza\u00e7\u00e3o da \u00e1rea e limpeza em todo o processo, assegurando agilidade, alto padr\u00e3o de qualidade e maior durabilidade.<br \/>\nAl\u00e9m de pintura e texturiza\u00e7\u00e3o, atuamos com assentamento de pastilhas cer\u00e2micas, pisos e revestimento de fachadas, revitalizando e preservando\u00a0ambientes.<\/p>\n<hr \/>\n<p style=\"text-align: justify;\"><div class=\"su-spoiler su-spoiler-style-fancy su-spoiler-icon-arrow-circle-1\" data-scroll-offset=\"0\" data-anchor-in-url=\"no\"><div class=\"su-spoiler-title\" tabindex=\"0\" role=\"button\"><span class=\"su-spoiler-icon\"><\/span>Fale com a Reformatto Engenharia sobre pintura<\/div><div class=\"su-spoiler-content su-u-clearfix su-u-trim\">Se sua resid\u00eancia, condom\u00ednio ou empresa\u00a0necessita servi\u00e7o de pintura,\u00a0<a href=\"http:\/\/reformatto.com.br\/reformas\/contatos\/\">entre em contato conosco<\/a>.<\/div><\/div>\n","protected":false},"excerpt":{"rendered":"<p>Pinturas Executamos pintura profissional em \u00e1reas externas ou internas, al\u00e9m de pintura de\u00a0fachadas em edif\u00edcios residenciais e comerciais, bem como pintura de galp\u00f5es, muros e pintura especial em pisos, estruturas met\u00e1licas e de madeira. Utilizamos tintas de primeira linha e&hellip;&nbsp;<a href=\"https:\/\/reformatto.com.br\/reformas\/pinturas\/\" class=\"more-link\">Saiba Mais<\/a><\/p>\n","protected":false},"author":1,"featured_media":0,"parent":0,"menu_order":4,"comment_status":"closed","ping_status":"closed","template":"","meta":{"_links_to":"","_links_to_target":""},"yoast_head":"<!-- This site is optimized with the Yoast SEO plugin v16.5 - https:\/\/yoast.com\/wordpress\/plugins\/seo\/ -->\n<title>Pinturas - Reformatto Engenharia - Reformas Prediais, Fachadas e Galp\u00f5es no RJ e SP<\/title>\n<meta name=\"robots\" content=\"index, follow, max-snippet:-1, max-image-preview:large, max-video-preview:-1\" \/>\n<link rel=\"canonical\" href=\"https:\/\/reformatto.com.br\/reformas\/pinturas\/\" \/>\n<meta property=\"og:locale\" content=\"pt_BR\" \/>\n<meta property=\"og:type\" content=\"article\" \/>\n<meta property=\"og:title\" content=\"Pinturas - Reformatto Engenharia - Reformas Prediais, Fachadas e Galp\u00f5es no RJ e SP\" \/>\n<meta property=\"og:description\" content=\"Pinturas Executamos pintura profissional em \u00e1reas externas ou internas, al\u00e9m de pintura de\u00a0fachadas em edif\u00edcios residenciais e comerciais, bem como pintura de galp\u00f5es, muros e pintura especial em pisos, estruturas met\u00e1licas e de madeira. Utilizamos tintas de primeira linha e&hellip;&nbsp;Saiba Mais\" \/>\n<meta property=\"og:url\" content=\"https:\/\/reformatto.com.br\/reformas\/pinturas\/\" \/>\n<meta property=\"og:site_name\" content=\"Reformatto Engenharia - Reformas Prediais, Fachadas e Galp\u00f5es no RJ e SP\" \/>\n<meta property=\"article:modified_time\" content=\"2019-10-29T19:36:40+00:00\" \/>\n<meta property=\"og:image\" content=\"http:\/\/reformatto.com.br\/reformas\/wp-content\/uploads\/2017\/02\/foto_pintura2-300x225.jpg\" \/>\n<meta name=\"twitter:card\" content=\"summary\" \/>\n<meta name=\"twitter:label1\" content=\"Est. tempo de leitura\" \/>\n\t<meta name=\"twitter:data1\" content=\"1 minuto\" \/>\n<script type=\"application\/ld+json\" class=\"yoast-schema-graph\">{\"@context\":\"https:\/\/schema.org\",\"@graph\":[{\"@type\":\"WebSite\",\"@id\":\"https:\/\/reformatto.com.br\/reformas\/#website\",\"url\":\"https:\/\/reformatto.com.br\/reformas\/\",\"name\":\"Reformatto Engenharia - Reformas Prediais, Fachadas e Galp\\u00f5es no RJ e SP\",\"description\":\"Reformas Prediais, Fachadas e Galp\\u00f5es no RJ e em SP\",\"potentialAction\":[{\"@type\":\"SearchAction\",\"target\":\"https:\/\/reformatto.com.br\/reformas\/?s={search_term_string}\",\"query-input\":\"required name=search_term_string\"}],\"inLanguage\":\"pt-BR\"},{\"@type\":\"ImageObject\",\"@id\":\"https:\/\/reformatto.com.br\/reformas\/pinturas\/#primaryimage\",\"inLanguage\":\"pt-BR\",\"url\":\"http:\/\/reformatto.com.br\/reformas\/wp-content\/uploads\/2017\/02\/foto_pintura2-300x225.jpg\",\"contentUrl\":\"http:\/\/reformatto.com.br\/reformas\/wp-content\/uploads\/2017\/02\/foto_pintura2-300x225.jpg\"},{\"@type\":\"WebPage\",\"@id\":\"https:\/\/reformatto.com.br\/reformas\/pinturas\/#webpage\",\"url\":\"https:\/\/reformatto.com.br\/reformas\/pinturas\/\",\"name\":\"Pinturas - Reformatto Engenharia - Reformas Prediais, Fachadas e Galp\\u00f5es no RJ e SP\",\"isPartOf\":{\"@id\":\"https:\/\/reformatto.com.br\/reformas\/#website\"},\"primaryImageOfPage\":{\"@id\":\"https:\/\/reformatto.com.br\/reformas\/pinturas\/#primaryimage\"},\"datePublished\":\"2017-02-01T20:48:39+00:00\",\"dateModified\":\"2019-10-29T19:36:40+00:00\",\"breadcrumb\":{\"@id\":\"https:\/\/reformatto.com.br\/reformas\/pinturas\/#breadcrumb\"},\"inLanguage\":\"pt-BR\",\"potentialAction\":[{\"@type\":\"ReadAction\",\"target\":[\"https:\/\/reformatto.com.br\/reformas\/pinturas\/\"]}]},{\"@type\":\"BreadcrumbList\",\"@id\":\"https:\/\/reformatto.com.br\/reformas\/pinturas\/#breadcrumb\",\"itemListElement\":[{\"@type\":\"ListItem\",\"position\":1,\"name\":\"In\\u00edcio\",\"item\":\"https:\/\/reformatto.com.br\/reformas\/\"},{\"@type\":\"ListItem\",\"position\":2,\"name\":\"Pinturas\"}]}]}<\/script>\n<!-- \/ Yoast SEO plugin. -->","_links":{"self":[{"href":"https:\/\/reformatto.com.br\/reformas\/wp-json\/wp\/v2\/pages\/375"}],"collection":[{"href":"https:\/\/reformatto.com.br\/reformas\/wp-json\/wp\/v2\/pages"}],"about":[{"href":"https:\/\/reformatto.com.br\/reformas\/wp-json\/wp\/v2\/types\/page"}],"author":[{"embeddable":true,"href":"https:\/\/reformatto.com.br\/reformas\/wp-json\/wp\/v2\/users\/1"}],"replies":[{"embeddable":true,"href":"https:\/\/reformatto.com.br\/reformas\/wp-json\/wp\/v2\/comments?post=375"}],"version-history":[{"count":13,"href":"https:\/\/reformatto.com.br\/reformas\/wp-json\/wp\/v2\/pages\/375\/revisions"}],"predecessor-version":[{"id":869,"href":"https:\/\/reformatto.com.br\/reformas\/wp-json\/wp\/v2\/pages\/375\/revisions\/869"}],"wp:attachment":[{"href":"https:\/\/reformatto.com.br\/reformas\/wp-json\/wp\/v2\/media?parent=375"}],"curies":[{"name":"wp","href":"https:\/\/api.w.org\/{rel}","templated":true}]}}