{"id":373,"date":"2017-02-01T20:48:27","date_gmt":"2017-02-01T20:48:27","guid":{"rendered":"http:\/\/reformatto.com.br\/reformas\/?page_id=373"},"modified":"2019-10-29T19:34:16","modified_gmt":"2019-10-29T19:34:16","slug":"manutencao-predial","status":"publish","type":"page","link":"https:\/\/reformatto.com.br\/reformas\/manutencao-predial\/","title":{"rendered":"Manuten\u00e7\u00e3o Predial"},"content":{"rendered":"<h2>Manuten\u00e7\u00e3o Predial<\/h2>\n<p>&nbsp;<\/p>\n<p style=\"text-align: justify;\"><a href=\"http:\/\/reformatto.com.br\/reformas\/wp-content\/uploads\/2017\/02\/002.jpg\" data-rel=\"lightbox-image-0\" data-rl_title=\"\" data-rl_caption=\"\" title=\"\"><img loading=\"lazy\" class=\"alignleft size-medium wp-image-729\" src=\"http:\/\/reformatto.com.br\/reformas\/wp-content\/uploads\/2017\/02\/002-300x225.jpg\" alt=\"Manuten\u00e7\u00e3o predial no RJ\" width=\"300\" height=\"225\" srcset=\"https:\/\/reformatto.com.br\/reformas\/wp-content\/uploads\/2017\/02\/002-300x225.jpg 300w, https:\/\/reformatto.com.br\/reformas\/wp-content\/uploads\/2017\/02\/002.jpg 600w\" sizes=\"(max-width: 300px) 100vw, 300px\" \/><\/a>A <a href=\"http:\/\/reformatto.com.br\/reformas\/contatos\/\"><strong>Reformatto Engenharia<\/strong><\/a> atua com manuten\u00e7\u00e3o predial de condom\u00ednios residenciais e comerciais, prestando reformas pontuais e manuten\u00e7\u00e3o predial preventiva, \u00a0que podem ser contratadas modo fixo ou avulso. Disponibilizamos ampla gama de servi\u00e7os t\u00e9cnicos relacionados a constru\u00e7\u00e3o, com\u00a0setor pr\u00f3prio de\u00a0engenharia e m\u00e3o de obra qualificada e treinada, al\u00e9m de fornecermos supervis\u00e3o t\u00e9cnica e acompanhamento em todas as etapas da\u00a0obra relacionadas a manuten\u00e7\u00e3o predial residenciais ou comerciais.<\/p>\n<p>&nbsp;<\/p>\n<hr \/>\n<p style=\"text-align: justify;\"><div class=\"su-spoiler su-spoiler-style-fancy su-spoiler-icon-arrow-circle-1\" data-scroll-offset=\"0\" data-anchor-in-url=\"no\"><div class=\"su-spoiler-title\" tabindex=\"0\" role=\"button\"><span class=\"su-spoiler-icon\"><\/span>Fale com a Reformatto Engenharia sobre manuten\u00e7\u00e3o predial<\/div><div class=\"su-spoiler-content su-u-clearfix su-u-trim\">Se o seu condom\u00ednio ou empresas necessita manuten\u00e7\u00e3o predial,\u00a0<a href=\"http:\/\/reformatto.com.br\/reformas\/contatos\/\">entre em contato conosco<\/a>.<\/div><\/div>\n","protected":false},"excerpt":{"rendered":"<p>Manuten\u00e7\u00e3o Predial &nbsp; A Reformatto Engenharia atua com manuten\u00e7\u00e3o predial de condom\u00ednios residenciais e comerciais, prestando reformas pontuais e manuten\u00e7\u00e3o predial preventiva, \u00a0que podem ser contratadas modo fixo ou avulso. Disponibilizamos ampla gama de servi\u00e7os t\u00e9cnicos relacionados a constru\u00e7\u00e3o, com\u00a0setor&hellip;&nbsp;<a href=\"https:\/\/reformatto.com.br\/reformas\/manutencao-predial\/\" class=\"more-link\">Saiba Mais<\/a><\/p>\n","protected":false},"author":1,"featured_media":0,"parent":0,"menu_order":3,"comment_status":"closed","ping_status":"closed","template":"","meta":{"_links_to":"","_links_to_target":""},"yoast_head":"<!-- This site is optimized with the Yoast SEO plugin v16.5 - https:\/\/yoast.com\/wordpress\/plugins\/seo\/ -->\n<title>Manuten\u00e7\u00e3o Predial<\/title>\n<meta name=\"description\" content=\"Manuten\u00e7\u00e3o Predial de condom\u00ednios residenciais e comerciais, com reformas e manuten\u00e7\u00e3o predial preventiva, com servi\u00e7os t\u00e9cnicos de constru\u00e7\u00e3o civil\" \/>\n<meta name=\"robots\" content=\"index, follow, max-snippet:-1, max-image-preview:large, max-video-preview:-1\" \/>\n<link rel=\"canonical\" href=\"https:\/\/reformatto.com.br\/reformas\/manutencao-predial\/\" \/>\n<meta property=\"og:locale\" content=\"pt_BR\" \/>\n<meta property=\"og:type\" content=\"article\" \/>\n<meta property=\"og:title\" content=\"Manuten\u00e7\u00e3o Predial\" \/>\n<meta property=\"og:description\" content=\"Manuten\u00e7\u00e3o Predial de condom\u00ednios residenciais e comerciais, com reformas e manuten\u00e7\u00e3o predial preventiva, com servi\u00e7os t\u00e9cnicos de constru\u00e7\u00e3o civil\" \/>\n<meta property=\"og:url\" content=\"https:\/\/reformatto.com.br\/reformas\/manutencao-predial\/\" \/>\n<meta property=\"og:site_name\" content=\"Reformatto Engenharia - Reformas Prediais, Fachadas e Galp\u00f5es no RJ e SP\" \/>\n<meta property=\"article:modified_time\" content=\"2019-10-29T19:34:16+00:00\" \/>\n<meta property=\"og:image\" content=\"http:\/\/reformatto.com.br\/reformas\/wp-content\/uploads\/2017\/02\/002-300x225.jpg\" \/>\n<meta name=\"twitter:card\" content=\"summary\" \/>\n<meta name=\"twitter:label1\" content=\"Est. tempo de leitura\" \/>\n\t<meta name=\"twitter:data1\" content=\"1 minuto\" \/>\n<script type=\"application\/ld+json\" class=\"yoast-schema-graph\">{\"@context\":\"https:\/\/schema.org\",\"@graph\":[{\"@type\":\"WebSite\",\"@id\":\"https:\/\/reformatto.com.br\/reformas\/#website\",\"url\":\"https:\/\/reformatto.com.br\/reformas\/\",\"name\":\"Reformatto Engenharia - Reformas Prediais, Fachadas e Galp\\u00f5es no RJ e SP\",\"description\":\"Reformas Prediais, Fachadas e Galp\\u00f5es no RJ e em SP\",\"potentialAction\":[{\"@type\":\"SearchAction\",\"target\":\"https:\/\/reformatto.com.br\/reformas\/?s={search_term_string}\",\"query-input\":\"required name=search_term_string\"}],\"inLanguage\":\"pt-BR\"},{\"@type\":\"ImageObject\",\"@id\":\"https:\/\/reformatto.com.br\/reformas\/manutencao-predial\/#primaryimage\",\"inLanguage\":\"pt-BR\",\"url\":\"http:\/\/reformatto.com.br\/reformas\/wp-content\/uploads\/2017\/02\/002-300x225.jpg\",\"contentUrl\":\"http:\/\/reformatto.com.br\/reformas\/wp-content\/uploads\/2017\/02\/002-300x225.jpg\"},{\"@type\":\"WebPage\",\"@id\":\"https:\/\/reformatto.com.br\/reformas\/manutencao-predial\/#webpage\",\"url\":\"https:\/\/reformatto.com.br\/reformas\/manutencao-predial\/\",\"name\":\"Manuten\\u00e7\\u00e3o Predial\",\"isPartOf\":{\"@id\":\"https:\/\/reformatto.com.br\/reformas\/#website\"},\"primaryImageOfPage\":{\"@id\":\"https:\/\/reformatto.com.br\/reformas\/manutencao-predial\/#primaryimage\"},\"datePublished\":\"2017-02-01T20:48:27+00:00\",\"dateModified\":\"2019-10-29T19:34:16+00:00\",\"description\":\"Manuten\\u00e7\\u00e3o Predial de condom\\u00ednios residenciais e comerciais, com reformas e manuten\\u00e7\\u00e3o predial preventiva, com servi\\u00e7os t\\u00e9cnicos de constru\\u00e7\\u00e3o civil\",\"breadcrumb\":{\"@id\":\"https:\/\/reformatto.com.br\/reformas\/manutencao-predial\/#breadcrumb\"},\"inLanguage\":\"pt-BR\",\"potentialAction\":[{\"@type\":\"ReadAction\",\"target\":[\"https:\/\/reformatto.com.br\/reformas\/manutencao-predial\/\"]}]},{\"@type\":\"BreadcrumbList\",\"@id\":\"https:\/\/reformatto.com.br\/reformas\/manutencao-predial\/#breadcrumb\",\"itemListElement\":[{\"@type\":\"ListItem\",\"position\":1,\"name\":\"In\\u00edcio\",\"item\":\"https:\/\/reformatto.com.br\/reformas\/\"},{\"@type\":\"ListItem\",\"position\":2,\"name\":\"Manuten\\u00e7\\u00e3o Predial\"}]}]}<\/script>\n<!-- \/ Yoast SEO plugin. -->","_links":{"self":[{"href":"https:\/\/reformatto.com.br\/reformas\/wp-json\/wp\/v2\/pages\/373"}],"collection":[{"href":"https:\/\/reformatto.com.br\/reformas\/wp-json\/wp\/v2\/pages"}],"about":[{"href":"https:\/\/reformatto.com.br\/reformas\/wp-json\/wp\/v2\/types\/page"}],"author":[{"embeddable":true,"href":"https:\/\/reformatto.com.br\/reformas\/wp-json\/wp\/v2\/users\/1"}],"replies":[{"embeddable":true,"href":"https:\/\/reformatto.com.br\/reformas\/wp-json\/wp\/v2\/comments?post=373"}],"version-history":[{"count":7,"href":"https:\/\/reformatto.com.br\/reformas\/wp-json\/wp\/v2\/pages\/373\/revisions"}],"predecessor-version":[{"id":853,"href":"https:\/\/reformatto.com.br\/reformas\/wp-json\/wp\/v2\/pages\/373\/revisions\/853"}],"wp:attachment":[{"href":"https:\/\/reformatto.com.br\/reformas\/wp-json\/wp\/v2\/media?parent=373"}],"curies":[{"name":"wp","href":"https:\/\/api.w.org\/{rel}","templated":true}]}}