{"id":16,"date":"2016-06-30T15:02:38","date_gmt":"2016-06-30T15:02:38","guid":{"rendered":"http:\/\/reformatto.com.br\/reformas\/?page_id=16"},"modified":"2021-06-28T17:40:22","modified_gmt":"2021-06-28T17:40:22","slug":"clientes-e-parceiros","status":"publish","type":"page","link":"https:\/\/reformatto.com.br\/reformas\/clientes-e-parceiros\/","title":{"rendered":"Clientes e Parceiros"},"content":{"rendered":"<h2>Parcerias t\u00e9cnicas e fornecedores:<\/h2>\n<p>Dentre nossos principais fornecedores e parceiros t\u00e9cnicos, destacamos:<\/p>\n<div id='gallery-1' class='gallery galleryid-16 gallery-columns-3 gallery-size-thumbnail'><figure class='gallery-item'>\n\t\t\t<div class='gallery-icon landscape'>\n\t\t\t\t<a href='https:\/\/reformatto.com.br\/reformas\/wp-content\/uploads\/2019\/10\/coral01.jpg' title=\"CORAL\" data-rl_title=\"CORAL\" class=\"rl-gallery-link\" data-rl_caption=\"\" data-rel=\"lightbox-gallery-1\"><img width=\"150\" height=\"150\" src=\"https:\/\/reformatto.com.br\/reformas\/wp-content\/uploads\/2019\/10\/coral01-150x150.jpg\" class=\"attachment-thumbnail size-thumbnail\" alt=\"CORAL\" loading=\"lazy\" srcset=\"https:\/\/reformatto.com.br\/reformas\/wp-content\/uploads\/2019\/10\/coral01-150x150.jpg 150w, https:\/\/reformatto.com.br\/reformas\/wp-content\/uploads\/2019\/10\/coral01.jpg 200w\" sizes=\"(max-width: 150px) 100vw, 150px\" \/><\/a>\n\t\t\t<\/div><\/figure><figure class='gallery-item'>\n\t\t\t<div class='gallery-icon landscape'>\n\t\t\t\t<a href='https:\/\/reformatto.com.br\/reformas\/wp-content\/uploads\/2019\/10\/eternit01.jpg' title=\"ETERNIT\" data-rl_title=\"ETERNIT\" class=\"rl-gallery-link\" data-rl_caption=\"\" data-rel=\"lightbox-gallery-1\"><img width=\"150\" height=\"150\" src=\"https:\/\/reformatto.com.br\/reformas\/wp-content\/uploads\/2019\/10\/eternit01-150x150.jpg\" class=\"attachment-thumbnail size-thumbnail\" alt=\"ETERNIT\" loading=\"lazy\" srcset=\"https:\/\/reformatto.com.br\/reformas\/wp-content\/uploads\/2019\/10\/eternit01-150x150.jpg 150w, https:\/\/reformatto.com.br\/reformas\/wp-content\/uploads\/2019\/10\/eternit01.jpg 200w\" sizes=\"(max-width: 150px) 100vw, 150px\" \/><\/a>\n\t\t\t<\/div><\/figure><figure class='gallery-item'>\n\t\t\t<div class='gallery-icon landscape'>\n\t\t\t\t<a href='https:\/\/reformatto.com.br\/reformas\/wp-content\/uploads\/2019\/10\/lafarge01.jpg' title=\"LAFARGE\" data-rl_title=\"LAFARGE\" class=\"rl-gallery-link\" data-rl_caption=\"\" data-rel=\"lightbox-gallery-1\"><img width=\"150\" height=\"150\" src=\"https:\/\/reformatto.com.br\/reformas\/wp-content\/uploads\/2019\/10\/lafarge01-150x150.jpg\" class=\"attachment-thumbnail size-thumbnail\" alt=\"LAFARGE\" loading=\"lazy\" srcset=\"https:\/\/reformatto.com.br\/reformas\/wp-content\/uploads\/2019\/10\/lafarge01-150x150.jpg 150w, https:\/\/reformatto.com.br\/reformas\/wp-content\/uploads\/2019\/10\/lafarge01.jpg 200w\" sizes=\"(max-width: 150px) 100vw, 150px\" \/><\/a>\n\t\t\t<\/div><\/figure><figure class='gallery-item'>\n\t\t\t<div class='gallery-icon landscape'>\n\t\t\t\t<a href='https:\/\/reformatto.com.br\/reformas\/wp-content\/uploads\/2019\/10\/sher01.jpg' title=\"SHERWIN WILLIAMS\" data-rl_title=\"SHERWIN WILLIAMS\" class=\"rl-gallery-link\" data-rl_caption=\"\" data-rel=\"lightbox-gallery-1\"><img width=\"150\" height=\"150\" src=\"https:\/\/reformatto.com.br\/reformas\/wp-content\/uploads\/2019\/10\/sher01-150x150.jpg\" class=\"attachment-thumbnail size-thumbnail\" alt=\"SHERWIN WILLIAMS\" loading=\"lazy\" srcset=\"https:\/\/reformatto.com.br\/reformas\/wp-content\/uploads\/2019\/10\/sher01-150x150.jpg 150w, https:\/\/reformatto.com.br\/reformas\/wp-content\/uploads\/2019\/10\/sher01.jpg 200w\" sizes=\"(max-width: 150px) 100vw, 150px\" \/><\/a>\n\t\t\t<\/div><\/figure><figure class='gallery-item'>\n\t\t\t<div class='gallery-icon landscape'>\n\t\t\t\t<a href='https:\/\/reformatto.com.br\/reformas\/wp-content\/uploads\/2019\/10\/sika01.jpg' title=\"SIKA\" data-rl_title=\"SIKA\" class=\"rl-gallery-link\" data-rl_caption=\"\" data-rel=\"lightbox-gallery-1\"><img width=\"150\" height=\"150\" src=\"https:\/\/reformatto.com.br\/reformas\/wp-content\/uploads\/2019\/10\/sika01-150x150.jpg\" class=\"attachment-thumbnail size-thumbnail\" alt=\"SIKA\" loading=\"lazy\" srcset=\"https:\/\/reformatto.com.br\/reformas\/wp-content\/uploads\/2019\/10\/sika01-150x150.jpg 150w, https:\/\/reformatto.com.br\/reformas\/wp-content\/uploads\/2019\/10\/sika01.jpg 200w\" sizes=\"(max-width: 150px) 100vw, 150px\" \/><\/a>\n\t\t\t<\/div><\/figure><figure class='gallery-item'>\n\t\t\t<div class='gallery-icon landscape'>\n\t\t\t\t<a href='https:\/\/reformatto.com.br\/reformas\/wp-content\/uploads\/2019\/10\/sivinil01.jpg' title=\"SUVINIL\" data-rl_title=\"SUVINIL\" class=\"rl-gallery-link\" data-rl_caption=\"\" data-rel=\"lightbox-gallery-1\"><img width=\"150\" height=\"150\" src=\"https:\/\/reformatto.com.br\/reformas\/wp-content\/uploads\/2019\/10\/sivinil01-150x150.jpg\" class=\"attachment-thumbnail size-thumbnail\" alt=\"SUVINIL\" loading=\"lazy\" srcset=\"https:\/\/reformatto.com.br\/reformas\/wp-content\/uploads\/2019\/10\/sivinil01-150x150.jpg 150w, https:\/\/reformatto.com.br\/reformas\/wp-content\/uploads\/2019\/10\/sivinil01.jpg 200w\" sizes=\"(max-width: 150px) 100vw, 150px\" \/><\/a>\n\t\t\t<\/div><\/figure><figure class='gallery-item'>\n\t\t\t<div class='gallery-icon landscape'>\n\t\t\t\t<a href='https:\/\/reformatto.com.br\/reformas\/wp-content\/uploads\/2019\/10\/tigre01.jpg' title=\"TIGRE\" data-rl_title=\"TIGRE\" class=\"rl-gallery-link\" data-rl_caption=\"\" data-rel=\"lightbox-gallery-1\"><img width=\"150\" height=\"150\" src=\"https:\/\/reformatto.com.br\/reformas\/wp-content\/uploads\/2019\/10\/tigre01-150x150.jpg\" class=\"attachment-thumbnail size-thumbnail\" alt=\"TIGRE\" loading=\"lazy\" srcset=\"https:\/\/reformatto.com.br\/reformas\/wp-content\/uploads\/2019\/10\/tigre01-150x150.jpg 150w, https:\/\/reformatto.com.br\/reformas\/wp-content\/uploads\/2019\/10\/tigre01.jpg 200w\" sizes=\"(max-width: 150px) 100vw, 150px\" \/><\/a>\n\t\t\t<\/div><\/figure><figure class='gallery-item'>\n\t\t\t<div class='gallery-icon landscape'>\n\t\t\t\t<a href='https:\/\/reformatto.com.br\/reformas\/wp-content\/uploads\/2019\/10\/viapol01.jpg' title=\"VIAPOL\" data-rl_title=\"VIAPOL\" class=\"rl-gallery-link\" data-rl_caption=\"\" data-rel=\"lightbox-gallery-1\"><img width=\"150\" height=\"150\" src=\"https:\/\/reformatto.com.br\/reformas\/wp-content\/uploads\/2019\/10\/viapol01-150x150.jpg\" class=\"attachment-thumbnail size-thumbnail\" alt=\"VIAPOL\" loading=\"lazy\" srcset=\"https:\/\/reformatto.com.br\/reformas\/wp-content\/uploads\/2019\/10\/viapol01-150x150.jpg 150w, https:\/\/reformatto.com.br\/reformas\/wp-content\/uploads\/2019\/10\/viapol01.jpg 200w\" sizes=\"(max-width: 150px) 100vw, 150px\" \/><\/a>\n\t\t\t<\/div><\/figure>\n\t\t<\/div>\n\n<p>&nbsp;<\/p>\n<div class=\"su-spoiler su-spoiler-style-fancy su-spoiler-icon-arrow su-spoiler-closed\" data-scroll-offset=\"0\" data-anchor-in-url=\"no\"><div class=\"su-spoiler-title\" tabindex=\"0\" role=\"button\"><span class=\"su-spoiler-icon\"><\/span>Saiba mais sobre a Reformatto Engenharia<\/div><div class=\"su-spoiler-content su-u-clearfix su-u-trim\">\n<h2><strong>Sobre a Reformatto Engenharia:<\/strong><\/h2>\n<p>Atuando desde 1978 no segmento de constru\u00e7\u00e3o civil, com duas unidades operacionais &#8211; no <strong>Rio de Janeiro<\/strong> e <b>S\u00e3o Paulo <\/b>&#8211; e inscrita no CREA-RJ, sob o n\u00ba 1995221428, a\u00a0<strong><a href=\"http:\/\/reformatto.com.br\/reformas\/contatos\/\">Reformatto Engenharia<\/a><\/strong> re\u00fane setor de engenharia e servi\u00e7os t\u00e9cnicos com m\u00e3o de obra especializada, atuando em reforma e <a href=\"https:\/\/reformatto.com.br\/reformas\/manutencao-industrial\/\">manuten\u00e7\u00f5es prediais<\/a> e <a href=\"https:\/\/reformatto.com.br\/reformas\/reforma-de-fachadas-2\/\">recupera\u00e7\u00e3o de fachadas<\/a>, especialmente em condom\u00ednios, empresas e em unidades industriais e galp\u00f5es.<br \/>\nTemos ampla experi\u00eancia ainda em <a href=\"https:\/\/reformatto.com.br\/reformas\/recuperacao-estrutural\/\">recupera\u00e7\u00e3o de estruturas<\/a>, <a href=\"https:\/\/reformatto.com.br\/reformas\/telhados-de-galpoes\/\">reforma de telhados de galp\u00f5es<\/a>, e servi\u00e7os de <a href=\"https:\/\/reformatto.com.br\/reformas\/impermeabilizacoes\/\">impermeabiliza\u00e7\u00e3o de lajes e telhados<\/a>, em car\u00e1ter emergencial e preventivo.<\/p>\n<div class=\"su-note\" id=\"\" style=\"border-color:#d6d6d6;border-radius:3px;-moz-border-radius:3px;-webkit-border-radius:3px;\"><div class=\"su-note-inner su-u-clearfix su-u-trim\" style=\"background-color:#f0f0f0;border-color:#ffffff;color:#333333;border-radius:3px;-moz-border-radius:3px;-webkit-border-radius:3px;\"> <strong>Ampla experi\u00eancia no atendimento de condom\u00ednios, s\u00edndicos profissionais, administradores, empresas de todos os porte incluindo ind\u00fastrias e usinas<\/strong>.<\/div><\/div>\n<hr \/>\n<h2 style=\"text-align: justify;\"><strong>Seguran\u00e7a para o cliente:<\/strong><\/h2>\n<p style=\"text-align: justify;\">Para cada obra espec\u00edfica, \u00e9 feito um <strong>seguro de responsabilidade civil<\/strong>, isentando o cliente de qualquer responsabilidade perante a poss\u00edveis incidentes.<br \/>\n<div class=\"su-note\" id=\"\" style=\"border-color:#d6d6d6;border-radius:3px;-moz-border-radius:3px;-webkit-border-radius:3px;\"><div class=\"su-note-inner su-u-clearfix su-u-trim\" style=\"background-color:#f0f0f0;border-color:#ffffff;color:#333333;border-radius:3px;-moz-border-radius:3px;-webkit-border-radius:3px;\"><strong>Todas as nossas obras s\u00e3o licenciadas pelo CREA, que \u00e9 o \u00f3rg\u00e3o que orienta e fiscaliza o exerc\u00edcio profissional na \u00e1rea da Engenharia<\/strong>.<\/div><\/div>\n<hr \/>\n<h2 style=\"text-align: justify;\"><strong>Responsabilidade com colaboradores!<\/strong><\/h2>\n<p style=\"text-align: justify;\">Consideramos cada colaborador um patrim\u00f4nio de grande valor em nossa empresa, motivo pelo qual implementamos <strong>programa completo de Consultoria em Sa\u00fade e Seguran\u00e7a Ocupacional<\/strong>, onde a qualidade e a responsabilidade v\u00e3o al\u00e9m do simples cumprimento da legisla\u00e7\u00e3o trabalhista.<br \/>\n<div class=\"su-note\" id=\"\" style=\"border-color:#d6d6d6;border-radius:3px;-moz-border-radius:3px;-webkit-border-radius:3px;\"><div class=\"su-note-inner su-u-clearfix su-u-trim\" style=\"background-color:#f0f0f0;border-color:#ffffff;color:#333333;border-radius:3px;-moz-border-radius:3px;-webkit-border-radius:3px;\"> <strong>Temos contrato de seguro de vida para cada colaborador, pois,\u00a0 em nossa vis\u00e3o, <u>a vida n\u00e3o tem pre\u00e7o<\/u><\/strong>.<\/div><\/div>\n<hr \/>\n<h2 style=\"text-align: justify;\">Diferenciais:<\/h2>\n<p style=\"text-align: justify;\">Efici\u00eancia, comprometimento com resultados e excel\u00eancia na presta\u00e7\u00e3o de servi\u00e7os no setor construtivo comp\u00f5em o DNA da <strong><a href=\"http:\/\/reformatto.com.br\/reformas\/contatos\/\">Reformatto Engenharia<\/a><\/strong>, que prima por comunica\u00e7\u00e3o direta com cada cliente, fornecendo sugest\u00f5es, acompanhamento e atualiza\u00e7\u00f5es de cada etapa da obra, assegurando assim confian\u00e7a e transpar\u00eancia em cada processo de reforma ou manuten\u00e7\u00e3o contratada.<\/p>\n<p style=\"text-align: justify;\">A <strong><a href=\"http:\/\/reformatto.com.br\/reformas\/contatos\/\">Reformatto Engenharia<\/a><\/strong> se destaca por mesclar servi\u00e7os t\u00e9cnicos, agilidade de atendimento, com <strong>n\u00facleo pr\u00f3prio de engenharia<\/strong> contabilizando experi\u00eancia de mais de tr\u00eas d\u00e9cadas de atua\u00e7\u00e3o sobretudo a condom\u00ednios e ind\u00fastrias de todos os portes e segmentos.<\/p>\n<div class=\"su-note\" id=\"\" style=\"border-color:#d6d6d6;border-radius:3px;-moz-border-radius:3px;-webkit-border-radius:3px;\"><div class=\"su-note-inner su-u-clearfix su-u-trim\" style=\"background-color:#f0f0f0;border-color:#ffffff;color:#333333;border-radius:3px;-moz-border-radius:3px;-webkit-border-radius:3px;\"><strong>Nossa Empresa atua no mercado da Constru\u00e7\u00e3o Civil desde 1979, obtendo vasta experi\u00eancia na metodologia de execu\u00e7\u00e3o dos servi\u00e7os t\u00e9cnicos, trabalhando sempre com muita responsabilidade para obter o melhor resultado em cada projeto<\/strong>.<\/div><\/div>\n<h6><\/h6>\n<\/div><\/div>\n<p><a href=\"https:\/\/reformatto.com.br\/reformas\/wp-content\/uploads\/2021\/06\/reformafgalpao.jpg\" data-rel=\"lightbox-image-0\" data-rl_title=\"\" data-rl_caption=\"\" title=\"\"><img loading=\"lazy\" class=\"aligncenter wp-image-1480 size-full\" src=\"https:\/\/reformatto.com.br\/reformas\/wp-content\/uploads\/2021\/06\/reformafgalpao.jpg\" alt=\"reforma de telhado de galp\u00e3o\" width=\"1920\" height=\"850\" srcset=\"https:\/\/reformatto.com.br\/reformas\/wp-content\/uploads\/2021\/06\/reformafgalpao.jpg 1920w, https:\/\/reformatto.com.br\/reformas\/wp-content\/uploads\/2021\/06\/reformafgalpao-300x133.jpg 300w, https:\/\/reformatto.com.br\/reformas\/wp-content\/uploads\/2021\/06\/reformafgalpao-1024x453.jpg 1024w, https:\/\/reformatto.com.br\/reformas\/wp-content\/uploads\/2021\/06\/reformafgalpao-768x340.jpg 768w, https:\/\/reformatto.com.br\/reformas\/wp-content\/uploads\/2021\/06\/reformafgalpao-1536x680.jpg 1536w, https:\/\/reformatto.com.br\/reformas\/wp-content\/uploads\/2021\/06\/reformafgalpao-360x159.jpg 360w\" sizes=\"(max-width: 1920px) 100vw, 1920px\" \/><\/a><\/p>\n","protected":false},"excerpt":{"rendered":"<p>Parcerias t\u00e9cnicas e fornecedores: Dentre nossos principais fornecedores e parceiros t\u00e9cnicos, destacamos: &nbsp;<\/p>\n","protected":false},"author":1,"featured_media":0,"parent":0,"menu_order":7,"comment_status":"closed","ping_status":"closed","template":"","meta":{"_links_to":"","_links_to_target":""},"yoast_head":"<!-- This site is optimized with the Yoast SEO plugin v16.5 - https:\/\/yoast.com\/wordpress\/plugins\/seo\/ -->\n<title>Clientes e Parceiros - Reformatto Engenharia - Reformas Prediais, Fachadas e Galp\u00f5es no RJ e SP<\/title>\n<meta name=\"robots\" content=\"index, follow, max-snippet:-1, max-image-preview:large, max-video-preview:-1\" \/>\n<link rel=\"canonical\" href=\"https:\/\/reformatto.com.br\/reformas\/clientes-e-parceiros\/\" \/>\n<meta property=\"og:locale\" content=\"pt_BR\" \/>\n<meta property=\"og:type\" content=\"article\" \/>\n<meta property=\"og:title\" content=\"Clientes e Parceiros - Reformatto Engenharia - Reformas Prediais, Fachadas e Galp\u00f5es no RJ e SP\" \/>\n<meta property=\"og:description\" content=\"Parcerias t\u00e9cnicas e fornecedores: Dentre nossos principais fornecedores e parceiros t\u00e9cnicos, destacamos: &nbsp;\" \/>\n<meta property=\"og:url\" content=\"https:\/\/reformatto.com.br\/reformas\/clientes-e-parceiros\/\" \/>\n<meta property=\"og:site_name\" content=\"Reformatto Engenharia - Reformas Prediais, Fachadas e Galp\u00f5es no RJ e SP\" \/>\n<meta property=\"article:modified_time\" content=\"2021-06-28T17:40:22+00:00\" \/>\n<meta property=\"og:image\" content=\"https:\/\/reformatto.com.br\/reformas\/wp-content\/uploads\/2019\/10\/coral01-150x150.jpg\" \/>\n<meta name=\"twitter:card\" content=\"summary\" \/>\n<meta name=\"twitter:label1\" content=\"Est. tempo de leitura\" \/>\n\t<meta name=\"twitter:data1\" content=\"2 minutos\" \/>\n<script type=\"application\/ld+json\" class=\"yoast-schema-graph\">{\"@context\":\"https:\/\/schema.org\",\"@graph\":[{\"@type\":\"WebSite\",\"@id\":\"https:\/\/reformatto.com.br\/reformas\/#website\",\"url\":\"https:\/\/reformatto.com.br\/reformas\/\",\"name\":\"Reformatto Engenharia - Reformas Prediais, Fachadas e Galp\\u00f5es no RJ e SP\",\"description\":\"Reformas Prediais, Fachadas e Galp\\u00f5es no RJ e em SP\",\"potentialAction\":[{\"@type\":\"SearchAction\",\"target\":\"https:\/\/reformatto.com.br\/reformas\/?s={search_term_string}\",\"query-input\":\"required name=search_term_string\"}],\"inLanguage\":\"pt-BR\"},{\"@type\":\"ImageObject\",\"@id\":\"https:\/\/reformatto.com.br\/reformas\/clientes-e-parceiros\/#primaryimage\",\"inLanguage\":\"pt-BR\",\"url\":\"https:\/\/reformatto.com.br\/reformas\/wp-content\/uploads\/2021\/06\/reformafgalpao.jpg\",\"contentUrl\":\"https:\/\/reformatto.com.br\/reformas\/wp-content\/uploads\/2021\/06\/reformafgalpao.jpg\",\"width\":1920,\"height\":850,\"caption\":\"reforma de telhado de galp\\u00e3o\"},{\"@type\":\"WebPage\",\"@id\":\"https:\/\/reformatto.com.br\/reformas\/clientes-e-parceiros\/#webpage\",\"url\":\"https:\/\/reformatto.com.br\/reformas\/clientes-e-parceiros\/\",\"name\":\"Clientes e Parceiros - Reformatto Engenharia - Reformas Prediais, Fachadas e Galp\\u00f5es no RJ e SP\",\"isPartOf\":{\"@id\":\"https:\/\/reformatto.com.br\/reformas\/#website\"},\"primaryImageOfPage\":{\"@id\":\"https:\/\/reformatto.com.br\/reformas\/clientes-e-parceiros\/#primaryimage\"},\"datePublished\":\"2016-06-30T15:02:38+00:00\",\"dateModified\":\"2021-06-28T17:40:22+00:00\",\"breadcrumb\":{\"@id\":\"https:\/\/reformatto.com.br\/reformas\/clientes-e-parceiros\/#breadcrumb\"},\"inLanguage\":\"pt-BR\",\"potentialAction\":[{\"@type\":\"ReadAction\",\"target\":[\"https:\/\/reformatto.com.br\/reformas\/clientes-e-parceiros\/\"]}]},{\"@type\":\"BreadcrumbList\",\"@id\":\"https:\/\/reformatto.com.br\/reformas\/clientes-e-parceiros\/#breadcrumb\",\"itemListElement\":[{\"@type\":\"ListItem\",\"position\":1,\"name\":\"In\\u00edcio\",\"item\":\"https:\/\/reformatto.com.br\/reformas\/\"},{\"@type\":\"ListItem\",\"position\":2,\"name\":\"Clientes e Parceiros\"}]}]}<\/script>\n<!-- \/ Yoast SEO plugin. -->","_links":{"self":[{"href":"https:\/\/reformatto.com.br\/reformas\/wp-json\/wp\/v2\/pages\/16"}],"collection":[{"href":"https:\/\/reformatto.com.br\/reformas\/wp-json\/wp\/v2\/pages"}],"about":[{"href":"https:\/\/reformatto.com.br\/reformas\/wp-json\/wp\/v2\/types\/page"}],"author":[{"embeddable":true,"href":"https:\/\/reformatto.com.br\/reformas\/wp-json\/wp\/v2\/users\/1"}],"replies":[{"embeddable":true,"href":"https:\/\/reformatto.com.br\/reformas\/wp-json\/wp\/v2\/comments?post=16"}],"version-history":[{"count":17,"href":"https:\/\/reformatto.com.br\/reformas\/wp-json\/wp\/v2\/pages\/16\/revisions"}],"predecessor-version":[{"id":1486,"href":"https:\/\/reformatto.com.br\/reformas\/wp-json\/wp\/v2\/pages\/16\/revisions\/1486"}],"wp:attachment":[{"href":"https:\/\/reformatto.com.br\/reformas\/wp-json\/wp\/v2\/media?parent=16"}],"curies":[{"name":"wp","href":"https:\/\/api.w.org\/{rel}","templated":true}]}}