{"id":1460,"date":"2020-10-23T13:01:01","date_gmt":"2020-10-23T13:01:01","guid":{"rendered":"https:\/\/reformatto.com.br\/reformas\/?page_id=1460"},"modified":"2021-06-28T18:44:28","modified_gmt":"2021-06-28T18:44:28","slug":"orcamento-rapido-obra-parcelada","status":"publish","type":"page","link":"https:\/\/reformatto.com.br\/reformas\/orcamento-rapido-obra-parcelada\/","title":{"rendered":"Or\u00e7amento R\u00e1pido, Obra Parcelada"},"content":{"rendered":"<p>Ligue agora e iremos at\u00e9 seu condom\u00ednio ou empresa efetuar o or\u00e7amento de sua obra, no\u00a0 RJ ou SP.<\/p>\n","protected":false},"excerpt":{"rendered":"<p>Ligue agora e iremos at\u00e9 seu condom\u00ednio ou empresa efetuar o or\u00e7amento de sua obra, no\u00a0 RJ ou SP.<\/p>\n","protected":false},"author":1,"featured_media":1523,"parent":0,"menu_order":0,"comment_status":"closed","ping_status":"closed","template":"","meta":{"_links_to":"","_links_to_target":""},"yoast_head":"<!-- This site is optimized with the Yoast SEO plugin v16.5 - https:\/\/yoast.com\/wordpress\/plugins\/seo\/ -->\n<title>Or\u00e7amento R\u00e1pido, Obra Parcelada - Reformatto Engenharia - Reformas Prediais, Fachadas e Galp\u00f5es no RJ e SP<\/title>\n<meta name=\"robots\" content=\"index, follow, max-snippet:-1, max-image-preview:large, max-video-preview:-1\" \/>\n<link rel=\"canonical\" href=\"https:\/\/reformatto.com.br\/reformas\/orcamento-rapido-obra-parcelada\/\" \/>\n<meta property=\"og:locale\" content=\"pt_BR\" \/>\n<meta property=\"og:type\" content=\"article\" \/>\n<meta property=\"og:title\" content=\"Or\u00e7amento R\u00e1pido, Obra Parcelada - Reformatto Engenharia - Reformas Prediais, Fachadas e Galp\u00f5es no RJ e SP\" \/>\n<meta property=\"og:description\" content=\"Ligue agora e iremos at\u00e9 seu condom\u00ednio ou empresa efetuar o or\u00e7amento de sua obra, no\u00a0 RJ ou SP.\" \/>\n<meta property=\"og:url\" content=\"https:\/\/reformatto.com.br\/reformas\/orcamento-rapido-obra-parcelada\/\" \/>\n<meta property=\"og:site_name\" content=\"Reformatto Engenharia - Reformas Prediais, Fachadas e Galp\u00f5es no RJ e SP\" \/>\n<meta property=\"article:modified_time\" content=\"2021-06-28T18:44:28+00:00\" \/>\n<meta property=\"og:image\" content=\"https:\/\/reformatto.com.br\/reformas\/wp-content\/uploads\/2021\/06\/reformas.jpg\" \/>\n\t<meta property=\"og:image:width\" content=\"1920\" \/>\n\t<meta property=\"og:image:height\" content=\"850\" \/>\n<meta name=\"twitter:card\" content=\"summary\" \/>\n<meta name=\"twitter:label1\" content=\"Est. tempo de leitura\" \/>\n\t<meta name=\"twitter:data1\" content=\"1 minuto\" \/>\n<script type=\"application\/ld+json\" class=\"yoast-schema-graph\">{\"@context\":\"https:\/\/schema.org\",\"@graph\":[{\"@type\":\"WebSite\",\"@id\":\"https:\/\/reformatto.com.br\/reformas\/#website\",\"url\":\"https:\/\/reformatto.com.br\/reformas\/\",\"name\":\"Reformatto Engenharia - Reformas Prediais, Fachadas e Galp\\u00f5es no RJ e SP\",\"description\":\"Reformas Prediais, Fachadas e Galp\\u00f5es no RJ e em SP\",\"potentialAction\":[{\"@type\":\"SearchAction\",\"target\":\"https:\/\/reformatto.com.br\/reformas\/?s={search_term_string}\",\"query-input\":\"required name=search_term_string\"}],\"inLanguage\":\"pt-BR\"},{\"@type\":\"ImageObject\",\"@id\":\"https:\/\/reformatto.com.br\/reformas\/orcamento-rapido-obra-parcelada\/#primaryimage\",\"inLanguage\":\"pt-BR\",\"url\":\"https:\/\/reformatto.com.br\/reformas\/wp-content\/uploads\/2021\/06\/reformas.jpg\",\"contentUrl\":\"https:\/\/reformatto.com.br\/reformas\/wp-content\/uploads\/2021\/06\/reformas.jpg\",\"width\":1920,\"height\":850,\"caption\":\"Reforma de marquises no RJ\"},{\"@type\":\"WebPage\",\"@id\":\"https:\/\/reformatto.com.br\/reformas\/orcamento-rapido-obra-parcelada\/#webpage\",\"url\":\"https:\/\/reformatto.com.br\/reformas\/orcamento-rapido-obra-parcelada\/\",\"name\":\"Or\\u00e7amento R\\u00e1pido, Obra Parcelada - Reformatto Engenharia - Reformas Prediais, Fachadas e Galp\\u00f5es no RJ e SP\",\"isPartOf\":{\"@id\":\"https:\/\/reformatto.com.br\/reformas\/#website\"},\"primaryImageOfPage\":{\"@id\":\"https:\/\/reformatto.com.br\/reformas\/orcamento-rapido-obra-parcelada\/#primaryimage\"},\"datePublished\":\"2020-10-23T13:01:01+00:00\",\"dateModified\":\"2021-06-28T18:44:28+00:00\",\"breadcrumb\":{\"@id\":\"https:\/\/reformatto.com.br\/reformas\/orcamento-rapido-obra-parcelada\/#breadcrumb\"},\"inLanguage\":\"pt-BR\",\"potentialAction\":[{\"@type\":\"ReadAction\",\"target\":[\"https:\/\/reformatto.com.br\/reformas\/orcamento-rapido-obra-parcelada\/\"]}]},{\"@type\":\"BreadcrumbList\",\"@id\":\"https:\/\/reformatto.com.br\/reformas\/orcamento-rapido-obra-parcelada\/#breadcrumb\",\"itemListElement\":[{\"@type\":\"ListItem\",\"position\":1,\"name\":\"In\\u00edcio\",\"item\":\"https:\/\/reformatto.com.br\/reformas\/\"},{\"@type\":\"ListItem\",\"position\":2,\"name\":\"Or\\u00e7amento R\\u00e1pido, Obra Parcelada\"}]}]}<\/script>\n<!-- \/ Yoast SEO plugin. -->","_links":{"self":[{"href":"https:\/\/reformatto.com.br\/reformas\/wp-json\/wp\/v2\/pages\/1460"}],"collection":[{"href":"https:\/\/reformatto.com.br\/reformas\/wp-json\/wp\/v2\/pages"}],"about":[{"href":"https:\/\/reformatto.com.br\/reformas\/wp-json\/wp\/v2\/types\/page"}],"author":[{"embeddable":true,"href":"https:\/\/reformatto.com.br\/reformas\/wp-json\/wp\/v2\/users\/1"}],"replies":[{"embeddable":true,"href":"https:\/\/reformatto.com.br\/reformas\/wp-json\/wp\/v2\/comments?post=1460"}],"version-history":[{"count":3,"href":"https:\/\/reformatto.com.br\/reformas\/wp-json\/wp\/v2\/pages\/1460\/revisions"}],"predecessor-version":[{"id":1522,"href":"https:\/\/reformatto.com.br\/reformas\/wp-json\/wp\/v2\/pages\/1460\/revisions\/1522"}],"wp:featuredmedia":[{"embeddable":true,"href":"https:\/\/reformatto.com.br\/reformas\/wp-json\/wp\/v2\/media\/1523"}],"wp:attachment":[{"href":"https:\/\/reformatto.com.br\/reformas\/wp-json\/wp\/v2\/media?parent=1460"}],"curies":[{"name":"wp","href":"https:\/\/api.w.org\/{rel}","templated":true}]}}