{"id":1101,"date":"2019-10-29T19:48:57","date_gmt":"2019-10-29T19:48:57","guid":{"rendered":"https:\/\/reformatto.com.br\/reformas\/?page_id=1101"},"modified":"2023-06-23T21:37:55","modified_gmt":"2023-06-23T21:37:55","slug":"unidade-rio-de-janeiro","status":"publish","type":"page","link":"https:\/\/reformatto.com.br\/reformas\/unidade-rio-de-janeiro\/","title":{"rendered":"Unidade Rio de Janeiro"},"content":{"rendered":"<h2>Unidade Operacional Rio de Janeiro<\/h2>\n<hr \/>\n<p><strong>Escrit\u00f3rio<\/strong>: <a href=\"https:\/\/goo.gl\/maps\/Wg6KgzTF86WvrvYG6\" target=\"_blank\" rel=\"noopener noreferrer\">Estrada do Engenho da Pedra, 1481 &#8211; Olaria, Rio de Janeiro &#8211; RJ | CEP: 21031-030<\/a><\/p>\n<hr \/>\n<p><strong>Contatos<\/strong>:<br \/>\nTelefone: (21) 2561-3000<br \/>\nAtendimento Online Whatsapp: <a href=\"https:\/\/web.whatsapp.com\/send?phone=5521996502203\">(21) 99650-2203<\/a><br \/>\nE-mail: <a href=\"mailto:contato@reformatto.com.br\">contato@reformatto.com.br<\/a><\/p>\n<hr \/>\n<div class=\"su-note\" id=\"\" style=\"border-color:#d6d6d6;border-radius:3px;-moz-border-radius:3px;-webkit-border-radius:3px;\"><div class=\"su-note-inner su-u-clearfix su-u-trim\" style=\"background-color:#f0f0f0;border-color:#ffffff;color:#333333;border-radius:3px;-moz-border-radius:3px;-webkit-border-radius:3px;\">\n<p>Atuamos em\u00a0 toda a cidade do <strong>Rio de Janeiro<\/strong>, <strong>Niter\u00f3i<\/strong>, <strong>Baixada Fluminense<\/strong>, com <strong>reforma predial<\/strong>, especialmente <strong>restaura\u00e7\u00e3o e pintura de fachada<\/strong>, <strong>impermeabiliza\u00e7\u00e3o<\/strong>, <strong>telhados<\/strong>, <strong>reforma e constru\u00e7\u00e3o de galp\u00f5es<\/strong> e demais servi\u00e7os construtivos de alta qualidade <strong>direcionados a condom\u00ednios<\/strong>, <strong>empresas<\/strong> e <strong>unidades industriais<\/strong>.<\/p>\n<\/div><\/div>\n<hr \/>\n<p><iframe loading=\"lazy\" style=\"border: 0;\" src=\"https:\/\/www.google.com\/maps\/embed?pb=!1m18!1m12!1m3!1d3676.817428820045!2d-43.26522798468467!3d-22.846243185042567!2m3!1f0!2f0!3f0!3m2!1i1024!2i768!4f13.1!3m3!1m2!1s0x997be5ed0c25bf%3A0xf46ba21b13cf31f5!2sReformatto%20Engenharia!5e0!3m2!1spt-BR!2sbr!4v1572379044315!5m2!1spt-BR!2sbr\" width=\"600\" height=\"450\" frameborder=\"0\" allowfullscreen=\"allowfullscreen\"><\/iframe><a href=\"https:\/\/reformatto.com.br\/reformas\/contatos\/\"><img loading=\"lazy\" class=\"aligncenter wp-image-1487 size-full\" title=\"Empresa de engenharia no RJ\" src=\"https:\/\/reformatto.com.br\/reformas\/wp-content\/uploads\/2021\/06\/empresas-de-reforma-no-RJ.jpg\" alt=\"Empresa de engenharia no RJ\" width=\"1920\" height=\"850\" srcset=\"https:\/\/reformatto.com.br\/reformas\/wp-content\/uploads\/2021\/06\/empresas-de-reforma-no-RJ.jpg 1920w, https:\/\/reformatto.com.br\/reformas\/wp-content\/uploads\/2021\/06\/empresas-de-reforma-no-RJ-300x133.jpg 300w, https:\/\/reformatto.com.br\/reformas\/wp-content\/uploads\/2021\/06\/empresas-de-reforma-no-RJ-1024x453.jpg 1024w, https:\/\/reformatto.com.br\/reformas\/wp-content\/uploads\/2021\/06\/empresas-de-reforma-no-RJ-768x340.jpg 768w, https:\/\/reformatto.com.br\/reformas\/wp-content\/uploads\/2021\/06\/empresas-de-reforma-no-RJ-1536x680.jpg 1536w, https:\/\/reformatto.com.br\/reformas\/wp-content\/uploads\/2021\/06\/empresas-de-reforma-no-RJ-360x159.jpg 360w\" sizes=\"(max-width: 1920px) 100vw, 1920px\" \/><\/a><\/p>\n","protected":false},"excerpt":{"rendered":"<p>Unidade Operacional Rio de Janeiro Escrit\u00f3rio: Estrada do Engenho da Pedra, 1481 &#8211; Olaria, Rio de Janeiro &#8211; RJ | CEP: 21031-030 Contatos: Telefone: (21) 2561-3000 Atendimento Online Whatsapp: (21) 99650-2203 E-mail: contato@reformatto.com.br<\/p>\n","protected":false},"author":1,"featured_media":0,"parent":0,"menu_order":0,"comment_status":"closed","ping_status":"closed","template":"","meta":{"_links_to":"","_links_to_target":""},"yoast_head":"<!-- This site is optimized with the Yoast SEO plugin v16.5 - https:\/\/yoast.com\/wordpress\/plugins\/seo\/ -->\n<title>Unidade Rio de Janeiro - Reformatto Engenharia - Reformas Prediais, Fachadas e Galp\u00f5es no RJ e SP<\/title>\n<meta name=\"robots\" content=\"index, follow, max-snippet:-1, max-image-preview:large, max-video-preview:-1\" \/>\n<link rel=\"canonical\" href=\"https:\/\/reformatto.com.br\/reformas\/unidade-rio-de-janeiro\/\" \/>\n<meta property=\"og:locale\" content=\"pt_BR\" \/>\n<meta property=\"og:type\" content=\"article\" \/>\n<meta property=\"og:title\" content=\"Unidade Rio de Janeiro - Reformatto Engenharia - Reformas Prediais, Fachadas e Galp\u00f5es no RJ e SP\" \/>\n<meta property=\"og:description\" content=\"Unidade Operacional Rio de Janeiro Escrit\u00f3rio: Estrada do Engenho da Pedra, 1481 &#8211; Olaria, Rio de Janeiro &#8211; RJ | CEP: 21031-030 Contatos: Telefone: (21) 2561-3000 Atendimento Online Whatsapp: (21) 99650-2203 E-mail: contato@reformatto.com.br\" \/>\n<meta property=\"og:url\" content=\"https:\/\/reformatto.com.br\/reformas\/unidade-rio-de-janeiro\/\" \/>\n<meta property=\"og:site_name\" content=\"Reformatto Engenharia - Reformas Prediais, Fachadas e Galp\u00f5es no RJ e SP\" \/>\n<meta property=\"article:modified_time\" content=\"2023-06-23T21:37:55+00:00\" \/>\n<meta property=\"og:image\" content=\"https:\/\/reformatto.com.br\/reformas\/wp-content\/uploads\/2021\/06\/empresas-de-reforma-no-RJ.jpg\" \/>\n<meta name=\"twitter:card\" content=\"summary\" \/>\n<meta name=\"twitter:label1\" content=\"Est. tempo de leitura\" \/>\n\t<meta name=\"twitter:data1\" content=\"1 minuto\" \/>\n<script type=\"application\/ld+json\" class=\"yoast-schema-graph\">{\"@context\":\"https:\/\/schema.org\",\"@graph\":[{\"@type\":\"WebSite\",\"@id\":\"https:\/\/reformatto.com.br\/reformas\/#website\",\"url\":\"https:\/\/reformatto.com.br\/reformas\/\",\"name\":\"Reformatto Engenharia - Reformas Prediais, Fachadas e Galp\\u00f5es no RJ e SP\",\"description\":\"Reformas Prediais, Fachadas e Galp\\u00f5es no RJ e em SP\",\"potentialAction\":[{\"@type\":\"SearchAction\",\"target\":\"https:\/\/reformatto.com.br\/reformas\/?s={search_term_string}\",\"query-input\":\"required name=search_term_string\"}],\"inLanguage\":\"pt-BR\"},{\"@type\":\"ImageObject\",\"@id\":\"https:\/\/reformatto.com.br\/reformas\/unidade-rio-de-janeiro\/#primaryimage\",\"inLanguage\":\"pt-BR\",\"url\":\"https:\/\/reformatto.com.br\/reformas\/wp-content\/uploads\/2021\/06\/empresas-de-reforma-no-RJ.jpg\",\"contentUrl\":\"https:\/\/reformatto.com.br\/reformas\/wp-content\/uploads\/2021\/06\/empresas-de-reforma-no-RJ.jpg\",\"width\":1920,\"height\":850,\"caption\":\"Empresa de engenharia no RJ\"},{\"@type\":\"WebPage\",\"@id\":\"https:\/\/reformatto.com.br\/reformas\/unidade-rio-de-janeiro\/#webpage\",\"url\":\"https:\/\/reformatto.com.br\/reformas\/unidade-rio-de-janeiro\/\",\"name\":\"Unidade Rio de Janeiro - Reformatto Engenharia - Reformas Prediais, Fachadas e Galp\\u00f5es no RJ e SP\",\"isPartOf\":{\"@id\":\"https:\/\/reformatto.com.br\/reformas\/#website\"},\"primaryImageOfPage\":{\"@id\":\"https:\/\/reformatto.com.br\/reformas\/unidade-rio-de-janeiro\/#primaryimage\"},\"datePublished\":\"2019-10-29T19:48:57+00:00\",\"dateModified\":\"2023-06-23T21:37:55+00:00\",\"breadcrumb\":{\"@id\":\"https:\/\/reformatto.com.br\/reformas\/unidade-rio-de-janeiro\/#breadcrumb\"},\"inLanguage\":\"pt-BR\",\"potentialAction\":[{\"@type\":\"ReadAction\",\"target\":[\"https:\/\/reformatto.com.br\/reformas\/unidade-rio-de-janeiro\/\"]}]},{\"@type\":\"BreadcrumbList\",\"@id\":\"https:\/\/reformatto.com.br\/reformas\/unidade-rio-de-janeiro\/#breadcrumb\",\"itemListElement\":[{\"@type\":\"ListItem\",\"position\":1,\"name\":\"In\\u00edcio\",\"item\":\"https:\/\/reformatto.com.br\/reformas\/\"},{\"@type\":\"ListItem\",\"position\":2,\"name\":\"Unidade Rio de Janeiro\"}]}]}<\/script>\n<!-- \/ Yoast SEO plugin. -->","_links":{"self":[{"href":"https:\/\/reformatto.com.br\/reformas\/wp-json\/wp\/v2\/pages\/1101"}],"collection":[{"href":"https:\/\/reformatto.com.br\/reformas\/wp-json\/wp\/v2\/pages"}],"about":[{"href":"https:\/\/reformatto.com.br\/reformas\/wp-json\/wp\/v2\/types\/page"}],"author":[{"embeddable":true,"href":"https:\/\/reformatto.com.br\/reformas\/wp-json\/wp\/v2\/users\/1"}],"replies":[{"embeddable":true,"href":"https:\/\/reformatto.com.br\/reformas\/wp-json\/wp\/v2\/comments?post=1101"}],"version-history":[{"count":15,"href":"https:\/\/reformatto.com.br\/reformas\/wp-json\/wp\/v2\/pages\/1101\/revisions"}],"predecessor-version":[{"id":1561,"href":"https:\/\/reformatto.com.br\/reformas\/wp-json\/wp\/v2\/pages\/1101\/revisions\/1561"}],"wp:attachment":[{"href":"https:\/\/reformatto.com.br\/reformas\/wp-json\/wp\/v2\/media?parent=1101"}],"curies":[{"name":"wp","href":"https:\/\/api.w.org\/{rel}","templated":true}]}}