{"id":1097,"date":"2019-10-29T19:47:51","date_gmt":"2019-10-29T19:47:51","guid":{"rendered":"https:\/\/reformatto.com.br\/reformas\/?page_id=1097"},"modified":"2023-06-23T21:37:38","modified_gmt":"2023-06-23T21:37:38","slug":"sobre-a-reformatto","status":"publish","type":"page","link":"https:\/\/reformatto.com.br\/reformas\/sobre-a-reformatto\/","title":{"rendered":"Sobre a Reformatto"},"content":{"rendered":"<h2><strong>Sobre a Reformatto Engenharia:<\/strong><\/h2>\n<p>Atuando <strong>desde 1979<\/strong> no segmento de <strong>Constru\u00e7\u00e3o Civil<\/strong>, com duas unidades operacionais &#8211; no <strong>Rio de Janeiro<\/strong> e em S\u00e3o Paulo &#8211; e inscrita no <strong>CREA-RJ sob o n\u00ba 1995221428<\/strong>, a <strong><a href=\"http:\/\/reformatto.com.br\/reformas\/contatos\/\">Reformatto Engenharia<\/a><\/strong> re\u00fane setor de engenharia e servi\u00e7os t\u00e9cnicos com m\u00e3o de obra especializada, atuando em reforma e <a href=\"https:\/\/reformatto.com.br\/reformas\/manutencao-industrial\/\">manuten\u00e7\u00f5es prediais<\/a> e <a href=\"https:\/\/reformatto.com.br\/reformas\/reforma-de-fachadas-2\/\">recupera\u00e7\u00e3o de fachadas<\/a>, especialmente em condom\u00ednios, empresas e em unidades industriais e galp\u00f5es.<br \/>\nTemos ampla experi\u00eancia ainda em <a href=\"https:\/\/reformatto.com.br\/reformas\/recuperacao-estrutural\/\">recupera\u00e7\u00e3o de estruturas<\/a>, <a href=\"https:\/\/reformatto.com.br\/reformas\/telhados-de-galpoes\/\">reforma de telhados de galp\u00f5es<\/a>, e servi\u00e7os de <a href=\"https:\/\/reformatto.com.br\/reformas\/impermeabilizacoes\/\">impermeabiliza\u00e7\u00e3o de lajes e telhados<\/a>, em car\u00e1ter emergencial e preventivo.<\/p>\n<div class=\"su-note\" id=\"\" style=\"border-color:#d6d6d6;border-radius:3px;-moz-border-radius:3px;-webkit-border-radius:3px;\"><div class=\"su-note-inner su-u-clearfix su-u-trim\" style=\"background-color:#f0f0f0;border-color:#ffffff;color:#333333;border-radius:3px;-moz-border-radius:3px;-webkit-border-radius:3px;\"> <strong>Ampla experi\u00eancia no atendimento de condom\u00ednios, s\u00edndicos profissionais, administradores, empresas de todos os porte incluindo ind\u00fastrias e usinas<\/strong>.<\/div><\/div>\n<hr \/>\n<h2 style=\"text-align: justify;\"><strong>Seguran\u00e7a para o cliente:<\/strong><\/h2>\n<p style=\"text-align: justify;\">Para cada obra espec\u00edfica, \u00e9 feito um <strong>seguro de responsabilidade civil<\/strong>, isentando o cliente de qualquer responsabilidade perante a poss\u00edveis incidentes.<br \/>\n<div class=\"su-note\" id=\"\" style=\"border-color:#d6d6d6;border-radius:3px;-moz-border-radius:3px;-webkit-border-radius:3px;\"><div class=\"su-note-inner su-u-clearfix su-u-trim\" style=\"background-color:#f0f0f0;border-color:#ffffff;color:#333333;border-radius:3px;-moz-border-radius:3px;-webkit-border-radius:3px;\"><strong>Todas as nossas obras s\u00e3o licenciadas pelo CREA, que \u00e9 o \u00f3rg\u00e3o que orienta e fiscaliza o exerc\u00edcio profissional na \u00e1rea da Engenharia<\/strong>.<\/div><\/div>\n<hr \/>\n<h2 style=\"text-align: justify;\"><strong>Responsabilidade com colaboradores!<\/strong><\/h2>\n<p style=\"text-align: justify;\">Consideramos cada colaborador um patrim\u00f4nio de grande valor em nossa empresa, motivo pelo qual implementamos <strong>programa completo de Consultoria em Sa\u00fade e Seguran\u00e7a Ocupacional<\/strong>, onde a qualidade e a responsabilidade v\u00e3o al\u00e9m do simples cumprimento da legisla\u00e7\u00e3o trabalhista.<br \/>\n<div class=\"su-note\" id=\"\" style=\"border-color:#d6d6d6;border-radius:3px;-moz-border-radius:3px;-webkit-border-radius:3px;\"><div class=\"su-note-inner su-u-clearfix su-u-trim\" style=\"background-color:#f0f0f0;border-color:#ffffff;color:#333333;border-radius:3px;-moz-border-radius:3px;-webkit-border-radius:3px;\"> <strong>Temos contrato de seguro de vida para cada colaborador, pois,\u00a0 em nossa vis\u00e3o, <u>a vida n\u00e3o tem pre\u00e7o<\/u><\/strong>.<\/div><\/div>\n<hr \/>\n<h2 style=\"text-align: justify;\">Diferenciais:<\/h2>\n<p style=\"text-align: justify;\">Efici\u00eancia, comprometimento com resultados e excel\u00eancia na presta\u00e7\u00e3o de servi\u00e7os no setor construtivo comp\u00f5em o DNA da <strong><a href=\"http:\/\/reformatto.com.br\/reformas\/contatos\/\">Reformatto Engenharia<\/a><\/strong>, que prima por comunica\u00e7\u00e3o direta com cada cliente, fornecendo sugest\u00f5es, acompanhamento e atualiza\u00e7\u00f5es de cada etapa da obra, assegurando assim confian\u00e7a e transpar\u00eancia em cada processo de reforma ou manuten\u00e7\u00e3o contratada.<\/p>\n<p style=\"text-align: justify;\">A <strong><a href=\"http:\/\/reformatto.com.br\/reformas\/contatos\/\">Reformatto Engenharia<\/a><\/strong> se destaca por mesclar servi\u00e7os t\u00e9cnicos, agilidade de atendimento, com <strong>n\u00facleo pr\u00f3prio de engenharia<\/strong> contabilizando experi\u00eancia de mais de tr\u00eas d\u00e9cadas de atua\u00e7\u00e3o sobretudo a condom\u00ednios e ind\u00fastrias de todos os portes e segmentos.<\/p>\n<div class=\"su-note\" id=\"\" style=\"border-color:#d6d6d6;border-radius:3px;-moz-border-radius:3px;-webkit-border-radius:3px;\"><div class=\"su-note-inner su-u-clearfix su-u-trim\" style=\"background-color:#f0f0f0;border-color:#ffffff;color:#333333;border-radius:3px;-moz-border-radius:3px;-webkit-border-radius:3px;\"><strong>Nossa Empresa atua no mercado da Constru\u00e7\u00e3o Civil desde 1979, obtendo vasta experi\u00eancia na metodologia de execu\u00e7\u00e3o dos servi\u00e7os t\u00e9cnicos, trabalhando sempre com muita responsabilidade para obter o melhor resultado em cada projeto<\/strong>.<\/div><\/div>\n      <style>\r\n        #insta-gallery-feed-2129212794 .insta-gallery-list .insta-gallery-item .insta-gallery-image-wrap .insta-gallery-image-mask {background-color: #000000;}      <\/style>\r\n<div id=\"insta-gallery-feed-2129212794\" class=\"insta-gallery-feed insta-gallery-square\" data-feed=\"{&quot;id&quot;:5,&quot;order&quot;:6,&quot;username&quot;:&quot;17841413429485677&quot;,&quot;type&quot;:&quot;username&quot;,&quot;tag&quot;:&quot;wordpress&quot;,&quot;order_by&quot;:&quot;top_media&quot;,&quot;layout&quot;:&quot;carousel&quot;,&quot;limit&quot;:&quot;50&quot;,&quot;columns&quot;:&quot;3&quot;,&quot;resolution&quot;:&quot;medium&quot;,&quot;lazy&quot;:false,&quot;spacing&quot;:5,&quot;highlight&quot;:[&quot;&quot;],&quot;profile&quot;:{&quot;id&quot;:17841413429485677,&quot;username&quot;:&quot;&quot;,&quot;website&quot;:&quot;&quot;,&quot;biography&quot;:&quot;&quot;,&quot;name&quot;:&quot;&quot;,&quot;followers_count&quot;:0,&quot;media_count&quot;:0,&quot;profile_picture_url&quot;:&quot;http:\\\/\\\/2.gravatar.com\\\/avatar\\\/b642b4217b34b1e8d3bd915fc65c4452?s=150&amp;d=mm&amp;r=g&quot;,&quot;link&quot;:&quot;&quot;,&quot;error&quot;:1,&quot;message&quot;:&quot;Error validating access token: Session has expired on Tuesday, 03-Aug-21 06:59:27 PDT. The current time is Friday, 15-May-26 03:24:24 PDT.&quot;},&quot;box&quot;:{&quot;display&quot;:false,&quot;padding&quot;:&quot;1&quot;,&quot;radius&quot;:&quot;0&quot;,&quot;background&quot;:&quot;#fefefe&quot;,&quot;profile&quot;:false,&quot;desc&quot;:&quot;&quot;,&quot;color_text&quot;:&quot;#000000&quot;},&quot;mask&quot;:{&quot;display&quot;:true,&quot;background&quot;:&quot;#000000&quot;,&quot;likes&quot;:true,&quot;comments&quot;:true},&quot;card&quot;:{&quot;display&quot;:false,&quot;radius&quot;:&quot;1&quot;,&quot;font_size&quot;:&quot;12&quot;,&quot;background&quot;:&quot;#ffffff&quot;,&quot;text_color&quot;:&quot;#000000&quot;,&quot;padding&quot;:&quot;5&quot;,&quot;info&quot;:true,&quot;length&quot;:&quot;10&quot;,&quot;caption&quot;:true},&quot;carousel&quot;:{&quot;slidespv&quot;:&quot;4&quot;,&quot;autoplay&quot;:false,&quot;autoplay_interval&quot;:&quot;3000&quot;,&quot;navarrows&quot;:true,&quot;navarrows_color&quot;:&quot;&quot;,&quot;pagination&quot;:true,&quot;pagination_color&quot;:&quot;&quot;},&quot;popup&quot;:{&quot;display&quot;:true,&quot;profile&quot;:false,&quot;caption&quot;:false,&quot;likes&quot;:false,&quot;comments&quot;:false,&quot;align&quot;:&quot;bottom&quot;},&quot;button&quot;:{&quot;display&quot;:true,&quot;text&quot;:&quot;View on Instagram&quot;,&quot;background&quot;:&quot;&quot;,&quot;background_hover&quot;:&quot;&quot;},&quot;button_load&quot;:{&quot;display&quot;:false,&quot;text&quot;:&quot;Load more...&quot;,&quot;background&quot;:&quot;&quot;,&quot;background_hover&quot;:&quot;&quot;},&quot;panel&quot;:&quot;tab_panel_carousel&quot;,&quot;insta_layout&quot;:&quot;carousel&quot;,&quot;insta_box&quot;:false,&quot;insta_box-padding&quot;:&quot;1&quot;,&quot;insta_box-radius&quot;:&quot;0&quot;,&quot;insta_box-background&quot;:&quot;#fefefe&quot;,&quot;insta_box-profile&quot;:false,&quot;insta_box-desc&quot;:&quot;&quot;,&quot;insta_box-color-text&quot;:&quot;#000000&quot;,&quot;insta_button_load&quot;:false,&quot;insta_button_load-background-hover&quot;:&quot;&quot;,&quot;insta_button_load-background&quot;:&quot;&quot;,&quot;insta_button_load-text&quot;:&quot;Load more...&quot;,&quot;insta_button&quot;:true,&quot;insta_button-background-hover&quot;:&quot;&quot;,&quot;insta_button-background&quot;:&quot;&quot;,&quot;insta_button-text&quot;:&quot;View on Instagram&quot;,&quot;insta_card&quot;:false,&quot;insta_card-font-size&quot;:&quot;12&quot;,&quot;insta_card-color-text&quot;:&quot;#000000&quot;,&quot;insta_card-padding&quot;:&quot;5&quot;,&quot;insta_card-radius&quot;:&quot;1&quot;,&quot;insta_card-background&quot;:&quot;#ffffff&quot;}\" data-feed_layout=\"carousel\">\r\n    <div class=\"swiper-container\">\r\n    <div class=\"insta-gallery-list swiper-wrapper\">\r\n    <\/div>\r\n          <div class=\"swiper-pagination\"><\/div>\r\n              <div class=\"swiper-button-prev\">\r\n        <i class=\"qligg-icon-prev\"><\/i>\r\n      <\/div>\r\n      <div class=\"swiper-button-next\">\r\n        <i class=\"qligg-icon-next\"><\/i>\r\n      <\/div>\r\n        <div class=\"insta-gallery-spinner\"><\/div>  <\/div>\r\n    <div class=\"insta-gallery-actions\">\r\n    <a href=\"https:\/\/www.instagram.com\/\" target=\"blank\" class=\"insta-gallery-button follow\"><i class=\"qligg-icon-instagram-o\"><\/i>View on Instagram<\/a>\r\n  <\/div>\r\n <\/div>\n<hr \/>\n<h4 style=\"text-align: justify;\"><span style=\"color: #ff6600;\"><em><strong>Miss\u00e3o &#8211; Oferecer servi\u00e7os e solu\u00e7\u00f5es diferenciadas com qualidade e efici\u00eancia.\u00a0<\/strong><\/em><\/span><\/h4>\n<hr \/>\n<h4><span style=\"color: #ff6600;\"><em><strong>Vis\u00e3o: ser uma empresa reconhecida pela presta\u00e7\u00e3o de servi\u00e7os, atrav\u00e9s de colaboradores comprometidos, focados em resultados<\/strong>!<\/em><\/span><\/h4>\n<hr \/>\n<h4 style=\"text-align: justify;\"><span style=\"color: #ff6600;\"><em><strong>Valores &#8211; Dedica\u00e7\u00e3o ao cliente, coopera\u00e7\u00e3o, credibilidade, transpar\u00eancia e respeito ao meio ambiente.<\/strong><\/em><\/span><\/h4>\n<hr \/>\n<p><strong><a href=\"http:\/\/reformatto.com.br\/reformas\/contatos\/\">Fale conosco<\/a> e surpreenda-se com nosso nosso alto padr\u00e3o de servi\u00e7os t\u00e9cnicos construtivos no RJ e PR.<\/strong><\/p>\n<div class=\"su-spoiler su-spoiler-style-fancy su-spoiler-icon-arrow su-spoiler-closed\" data-scroll-offset=\"0\" data-anchor-in-url=\"no\"><div class=\"su-spoiler-title\" tabindex=\"0\" role=\"button\"><span class=\"su-spoiler-icon\"><\/span>Onde Estamos - Conhe\u00e7a nossas Unidades no Rio de Janeiro e S\u00e3o Paulo<\/div><div class=\"su-spoiler-content su-u-clearfix su-u-trim\">\n<h3><strong>Unidade Rio de Janeiro<br \/>\n<\/strong><\/h3>\n<p>Estr. do Engenho da Pedra, 1481 &#8211; Olaria, Rio de Janeiro &#8211; RJ<br \/>\nCEP: 21031-030<br \/>\nTelefone: (21) 2561-3000 |\u00a0 (21) 99650-2203<\/p>\n<p><iframe loading=\"lazy\" style=\"border: 0;\" src=\"https:\/\/www.google.com\/maps\/embed?pb=!1m18!1m12!1m3!1d3676.817428820045!2d-43.26522798468467!3d-22.846243185042567!2m3!1f0!2f0!3f0!3m2!1i1024!2i768!4f13.1!3m3!1m2!1s0x997be5ed0c25bf%3A0xf46ba21b13cf31f5!2sReformatto%20Engenharia!5e0!3m2!1spt-BR!2sbr!4v1572379044315!5m2!1spt-BR!2sbr\" width=\"600\" height=\"450\" frameborder=\"0\" allowfullscreen=\"allowfullscreen\"><\/iframe><\/p>\n<hr \/>\n<h3><strong>Unidade S\u00e3o Paulo<\/strong><\/h3>\n<p>Rua Castilho, 392 &#8211; Brooklin Paulista &#8211; SP<br \/>\nCEP: <a href=\"https:\/\/www.google.com\/maps\/place\/R.+Castilho,+392+-+Brooklin,+S%C3%A3o+Paulo+-+SP,+04568-010\/@-23.612162,-46.692285,16z\/data=!4m5!3m4!1s0x94ce50c99f767a3f:0xe95a9e6c21c89828!8m2!3d-23.6121619!4d-46.6922848?hl=pt-BR\">04568-010<\/a><br \/>\nTelefone: (11) 99810-5060<\/p>\n<p><iframe loading=\"lazy\" style=\"border: 0;\" src=\"https:\/\/www.google.com\/maps\/embed?pb=!1m14!1m8!1m3!1d7311.563331816179!2d-46.692285!3d-23.612162000000005!3m2!1i1024!2i768!4f13.1!3m3!1m2!1s0x94ce50c99f767a3f%3A0xe95a9e6c21c89828!2sR.%20Castilho%2C%20392%20-%20Brooklin%2C%20S%C3%A3o%20Paulo%20-%20SP%2C%2004568-010!5e0!3m2!1spt-BR!2sbr!4v1624901882027!5m2!1spt-BR!2sbr\" width=\"600\" height=\"450\" allowfullscreen=\"allowfullscreen\"><\/iframe><\/p>\n<\/div><\/div>\n<hr \/>\n<p><a href=\"https:\/\/reformatto.com.br\/reformas\/wp-content\/uploads\/2021\/06\/reforma-condominio.jpg\" data-rel=\"lightbox-image-0\" data-rl_title=\"\" data-rl_caption=\"\" title=\"\"><img loading=\"lazy\" class=\"aligncenter wp-image-1482 size-full\" src=\"https:\/\/reformatto.com.br\/reformas\/wp-content\/uploads\/2021\/06\/reforma-condominio.jpg\" alt=\"Empresa de Reforma em condom\u00ednios\" width=\"1920\" height=\"850\" srcset=\"https:\/\/reformatto.com.br\/reformas\/wp-content\/uploads\/2021\/06\/reforma-condominio.jpg 1920w, https:\/\/reformatto.com.br\/reformas\/wp-content\/uploads\/2021\/06\/reforma-condominio-300x133.jpg 300w, https:\/\/reformatto.com.br\/reformas\/wp-content\/uploads\/2021\/06\/reforma-condominio-1024x453.jpg 1024w, https:\/\/reformatto.com.br\/reformas\/wp-content\/uploads\/2021\/06\/reforma-condominio-768x340.jpg 768w, https:\/\/reformatto.com.br\/reformas\/wp-content\/uploads\/2021\/06\/reforma-condominio-1536x680.jpg 1536w, https:\/\/reformatto.com.br\/reformas\/wp-content\/uploads\/2021\/06\/reforma-condominio-360x159.jpg 360w\" sizes=\"(max-width: 1920px) 100vw, 1920px\" \/><\/a><\/p>\n<hr \/>\n<p><a href=\"https:\/\/reformatto.com.br\/reformas\/wp-content\/uploads\/2017\/02\/reformarj1.gif\" data-rel=\"lightbox-image-1\" data-rl_title=\"\" data-rl_caption=\"\" title=\"\"><img loading=\"lazy\" class=\"aligncenter size-full wp-image-608\" src=\"https:\/\/reformatto.com.br\/reformas\/wp-content\/uploads\/2017\/02\/reformarj1.gif\" alt=\"\" width=\"800\" height=\"281\" \/><\/a><\/p>\n<hr \/>\n","protected":false},"excerpt":{"rendered":"<p>Sobre a Reformatto Engenharia: Atuando desde 1979 no segmento de Constru\u00e7\u00e3o Civil, com duas unidades operacionais &#8211; no Rio de Janeiro e em S\u00e3o Paulo &#8211; e inscrita no CREA-RJ sob o n\u00ba 1995221428, a Reformatto Engenharia re\u00fane setor de&hellip;&nbsp;<a href=\"https:\/\/reformatto.com.br\/reformas\/sobre-a-reformatto\/\" class=\"more-link\">Saiba Mais<\/a><\/p>\n","protected":false},"author":1,"featured_media":0,"parent":0,"menu_order":0,"comment_status":"closed","ping_status":"closed","template":"","meta":{"_links_to":"","_links_to_target":""},"yoast_head":"<!-- This site is optimized with the Yoast SEO plugin v16.5 - https:\/\/yoast.com\/wordpress\/plugins\/seo\/ -->\n<title>Sobre a Reformatto - Reformatto Engenharia - Reformas Prediais, Fachadas e Galp\u00f5es no RJ e SP<\/title>\n<meta name=\"robots\" content=\"index, follow, max-snippet:-1, max-image-preview:large, max-video-preview:-1\" \/>\n<link rel=\"canonical\" href=\"https:\/\/reformatto.com.br\/reformas\/sobre-a-reformatto\/\" \/>\n<meta property=\"og:locale\" content=\"pt_BR\" \/>\n<meta property=\"og:type\" content=\"article\" \/>\n<meta property=\"og:title\" content=\"Sobre a Reformatto - Reformatto Engenharia - Reformas Prediais, Fachadas e Galp\u00f5es no RJ e SP\" \/>\n<meta property=\"og:description\" content=\"Sobre a Reformatto Engenharia: Atuando desde 1979 no segmento de Constru\u00e7\u00e3o Civil, com duas unidades operacionais &#8211; no Rio de Janeiro e em S\u00e3o Paulo &#8211; e inscrita no CREA-RJ sob o n\u00ba 1995221428, a Reformatto Engenharia re\u00fane setor de&hellip;&nbsp;Saiba Mais\" \/>\n<meta property=\"og:url\" content=\"https:\/\/reformatto.com.br\/reformas\/sobre-a-reformatto\/\" \/>\n<meta property=\"og:site_name\" content=\"Reformatto Engenharia - Reformas Prediais, Fachadas e Galp\u00f5es no RJ e SP\" \/>\n<meta property=\"article:modified_time\" content=\"2023-06-23T21:37:38+00:00\" \/>\n<meta property=\"og:image\" content=\"https:\/\/reformatto.com.br\/reformas\/wp-content\/uploads\/2021\/06\/reforma-condominio.jpg\" \/>\n<meta name=\"twitter:card\" content=\"summary\" \/>\n<meta name=\"twitter:label1\" content=\"Est. tempo de leitura\" \/>\n\t<meta name=\"twitter:data1\" content=\"3 minutos\" \/>\n<script type=\"application\/ld+json\" class=\"yoast-schema-graph\">{\"@context\":\"https:\/\/schema.org\",\"@graph\":[{\"@type\":\"WebSite\",\"@id\":\"https:\/\/reformatto.com.br\/reformas\/#website\",\"url\":\"https:\/\/reformatto.com.br\/reformas\/\",\"name\":\"Reformatto Engenharia - Reformas Prediais, Fachadas e Galp\\u00f5es no RJ e SP\",\"description\":\"Reformas Prediais, Fachadas e Galp\\u00f5es no RJ e em SP\",\"potentialAction\":[{\"@type\":\"SearchAction\",\"target\":\"https:\/\/reformatto.com.br\/reformas\/?s={search_term_string}\",\"query-input\":\"required name=search_term_string\"}],\"inLanguage\":\"pt-BR\"},{\"@type\":\"ImageObject\",\"@id\":\"https:\/\/reformatto.com.br\/reformas\/sobre-a-reformatto\/#primaryimage\",\"inLanguage\":\"pt-BR\",\"url\":\"https:\/\/reformatto.com.br\/reformas\/wp-content\/uploads\/2021\/06\/reforma-condominio.jpg\",\"contentUrl\":\"https:\/\/reformatto.com.br\/reformas\/wp-content\/uploads\/2021\/06\/reforma-condominio.jpg\",\"width\":1920,\"height\":850,\"caption\":\"Empresa de Reforma em condom\\u00ednios\"},{\"@type\":\"WebPage\",\"@id\":\"https:\/\/reformatto.com.br\/reformas\/sobre-a-reformatto\/#webpage\",\"url\":\"https:\/\/reformatto.com.br\/reformas\/sobre-a-reformatto\/\",\"name\":\"Sobre a Reformatto - Reformatto Engenharia - Reformas Prediais, Fachadas e Galp\\u00f5es no RJ e SP\",\"isPartOf\":{\"@id\":\"https:\/\/reformatto.com.br\/reformas\/#website\"},\"primaryImageOfPage\":{\"@id\":\"https:\/\/reformatto.com.br\/reformas\/sobre-a-reformatto\/#primaryimage\"},\"datePublished\":\"2019-10-29T19:47:51+00:00\",\"dateModified\":\"2023-06-23T21:37:38+00:00\",\"breadcrumb\":{\"@id\":\"https:\/\/reformatto.com.br\/reformas\/sobre-a-reformatto\/#breadcrumb\"},\"inLanguage\":\"pt-BR\",\"potentialAction\":[{\"@type\":\"ReadAction\",\"target\":[\"https:\/\/reformatto.com.br\/reformas\/sobre-a-reformatto\/\"]}]},{\"@type\":\"BreadcrumbList\",\"@id\":\"https:\/\/reformatto.com.br\/reformas\/sobre-a-reformatto\/#breadcrumb\",\"itemListElement\":[{\"@type\":\"ListItem\",\"position\":1,\"name\":\"In\\u00edcio\",\"item\":\"https:\/\/reformatto.com.br\/reformas\/\"},{\"@type\":\"ListItem\",\"position\":2,\"name\":\"Sobre a Reformatto\"}]}]}<\/script>\n<!-- \/ Yoast SEO plugin. -->","_links":{"self":[{"href":"https:\/\/reformatto.com.br\/reformas\/wp-json\/wp\/v2\/pages\/1097"}],"collection":[{"href":"https:\/\/reformatto.com.br\/reformas\/wp-json\/wp\/v2\/pages"}],"about":[{"href":"https:\/\/reformatto.com.br\/reformas\/wp-json\/wp\/v2\/types\/page"}],"author":[{"embeddable":true,"href":"https:\/\/reformatto.com.br\/reformas\/wp-json\/wp\/v2\/users\/1"}],"replies":[{"embeddable":true,"href":"https:\/\/reformatto.com.br\/reformas\/wp-json\/wp\/v2\/comments?post=1097"}],"version-history":[{"count":15,"href":"https:\/\/reformatto.com.br\/reformas\/wp-json\/wp\/v2\/pages\/1097\/revisions"}],"predecessor-version":[{"id":1559,"href":"https:\/\/reformatto.com.br\/reformas\/wp-json\/wp\/v2\/pages\/1097\/revisions\/1559"}],"wp:attachment":[{"href":"https:\/\/reformatto.com.br\/reformas\/wp-json\/wp\/v2\/media?parent=1097"}],"curies":[{"name":"wp","href":"https:\/\/api.w.org\/{rel}","templated":true}]}}