{"id":1000,"date":"2019-02-09T16:01:17","date_gmt":"2019-02-09T16:01:17","guid":{"rendered":"http:\/\/reformatto.com.br\/reformas\/?page_id=1000"},"modified":"2019-02-09T16:18:16","modified_gmt":"2019-02-09T16:18:16","slug":"reforma-de-galpao","status":"publish","type":"page","link":"https:\/\/reformatto.com.br\/reformas\/reforma-de-galpao\/","title":{"rendered":"Reforma de Galp\u00e3o"},"content":{"rendered":"<h2>Reforma de Galp\u00e3o<\/h2>\n<div class=\"su-note\" id=\"\" style=\"border-color:#d6d6d6;border-radius:3px;-moz-border-radius:3px;-webkit-border-radius:3px;\"><div class=\"su-note-inner su-u-clearfix su-u-trim\" style=\"background-color:#f0f0f0;border-color:#ffffff;color:#333333;border-radius:3px;-moz-border-radius:3px;-webkit-border-radius:3px;\">\n<p><strong>Com mais de tr\u00eas d\u00e9cadas de atua\u00e7\u00e3o em manuten\u00e7\u00e3o de unidades industriais, especialmente em reforma de galp\u00f5es e industriais de produ\u00e7\u00e3o, a\u00a0Reformatto Engenharia\u00a0re\u00fane grande experi\u00eancia com equipe formada por engenheiros e t\u00e9cnicos em constru\u00e7\u00e3o civil, atos atuar em obras de todos os portes.<\/strong><\/p>\n<p><strong>A\u00a0Reformatto Engenharia\u00a0atua na reforma ou constru\u00e7\u00e3o e manuten\u00e7\u00e3o continuada de galp\u00e3o e estruturas met\u00e1licas.<\/strong><br \/>\n<strong>Incluindo obras estruturais e de manuten\u00e7\u00e3o preventiva ou corretiva, incluindo redes hidr\u00e1ulicas e sanit\u00e1rias, impermeabiliza\u00e7\u00e3o e pavimenta\u00e7\u00e3o e reforma de telhado de galp\u00f5es, priorizando\u00a0seguran\u00e7a,\u00a0funcionalidade\u00a0e\u00a0maior durabilidade de parques industriais.<\/strong><\/p>\n<p><strong>Nossos servi\u00e7os s\u00e3o\u00a0executados dentro de\u00a0rigorosas normas de seguran\u00e7a, com utiliza\u00e7\u00e3o de EPI espec\u00edficos e com garantia, al\u00e9m de assegurar durabilidade e agregar valor est\u00e9tico em galp\u00f5es comerciais ou industriais<\/strong>.<\/p>\n<\/div><\/div>\n<p><a href=\"http:\/\/reformatto.com.br\/reformas\/wp-content\/uploads\/2017\/01\/slide_fachada2.jpg\" data-rel=\"lightbox-image-0\" data-rl_title=\"\" data-rl_caption=\"\" title=\"\"><img loading=\"lazy\" class=\"wp-image-679 size-large\" title=\"Reforma de galp\u00e3o\" src=\"http:\/\/reformatto.com.br\/reformas\/wp-content\/uploads\/2017\/01\/slide_fachada2-1024x384.jpg\" alt=\"Reforma de fachada de galp\u00e3o no rj\" width=\"1024\" height=\"384\" srcset=\"https:\/\/reformatto.com.br\/reformas\/wp-content\/uploads\/2017\/01\/slide_fachada2-1024x384.jpg 1024w, https:\/\/reformatto.com.br\/reformas\/wp-content\/uploads\/2017\/01\/slide_fachada2-300x113.jpg 300w, https:\/\/reformatto.com.br\/reformas\/wp-content\/uploads\/2017\/01\/slide_fachada2-768x288.jpg 768w, https:\/\/reformatto.com.br\/reformas\/wp-content\/uploads\/2017\/01\/slide_fachada2.jpg 1600w\" sizes=\"(max-width: 1024px) 100vw, 1024px\" \/><\/a><\/p>\n<p><a href=\"http:\/\/reformatto.com.br\/reformas\/contatos\/\">Clique aqui e solicite nossa visita t\u00e9cnica<\/a> ou or\u00e7amento na execu\u00e7\u00e3o de seu projeto<\/p>\n<div class=\"su-spoiler su-spoiler-style-fancy su-spoiler-icon-arrow su-spoiler-closed\" data-scroll-offset=\"0\" data-anchor-in-url=\"no\"><div class=\"su-spoiler-title\" tabindex=\"0\" role=\"button\"><span class=\"su-spoiler-icon\"><\/span>Obras Com Seguro e CREA <\/div><div class=\"su-spoiler-content su-u-clearfix su-u-trim\">Obras com seguro e supervisionadas por setor pr\u00f3prio de engenharia.<\/div><\/div>\n<div class=\"su-spoiler su-spoiler-style-fancy su-spoiler-icon-arrow su-spoiler-closed\" data-scroll-offset=\"0\" data-anchor-in-url=\"no\"><div class=\"su-spoiler-title\" tabindex=\"0\" role=\"button\"><span class=\"su-spoiler-icon\"><\/span>Atuamos em todo o Rio de Janeiro <\/div><div class=\"su-spoiler-content su-u-clearfix su-u-trim\">Agilidade em constru\u00e7\u00e3o de unidades industriais e galp\u00f5es em todo o RJ.<\/div><\/div>\n<div class=\"su-spoiler su-spoiler-style-fancy su-spoiler-icon-arrow su-spoiler-closed\" data-scroll-offset=\"0\" data-anchor-in-url=\"no\"><div class=\"su-spoiler-title\" tabindex=\"0\" role=\"button\"><span class=\"su-spoiler-icon\"><\/span>Temos Inscri\u00e7\u00e3o no CREA-RJ <\/div><div class=\"su-spoiler-content su-u-clearfix su-u-trim\">\u00a0A Reformatto Engenharia \u00e9 inscrita no CREA-RJ, sob n\u00ba 1995221428. <\/div><\/div>\n<div class=\"su-spoiler su-spoiler-style-fancy su-spoiler-icon-arrow su-spoiler-closed\" data-scroll-offset=\"0\" data-anchor-in-url=\"no\"><div class=\"su-spoiler-title\" tabindex=\"0\" role=\"button\"><span class=\"su-spoiler-icon\"><\/span>Somos especializados em Reforma de Galp\u00e3o <\/div><div class=\"su-spoiler-content su-u-clearfix su-u-trim\"> A Reformatto\u00a0 Engenharia \u00e9 especializada em reformas Industriais.<\/p>\n<p>Reunimos setor de engenharia e de servi\u00e7os t\u00e9cnicos de alta qualidade, aplicados \u00e0 reformas e manuten\u00e7\u00f5es prediais, especialmente <strong>manuten\u00e7\u00f5es de galp\u00f5es<\/strong> e <strong>unidades industriais<\/strong>.<br \/>\nDisponibilizamos solu\u00e7\u00f5es espec\u00edficas para recupera\u00e7\u00e3o de estruturas e fachadas prediais, incluindo impermeabiliza\u00e7\u00f5es, pinturas e reformas em geral, al\u00e9m de servi\u00e7os de manuten\u00e7\u00e3o &#8211; emergencial e preventivas.<\/p>\n<p>Nossa empresa prima por efici\u00eancia e comprometimento, resultando em solu\u00e7\u00f5es espec\u00edficas a cada demanda.<br \/>\nMesclamos servi\u00e7os t\u00e9cnicos, com n\u00facleo pr\u00f3prio de engenharia com experi\u00eancia de mais de tr\u00eas d\u00e9cadas de atua\u00e7\u00e3o no Estado do RJ. A Reformatto Engenharia oferece ainda programa completo de consultoria em sa\u00fade e seguran\u00e7a ocupacional bem como seguro de vida para todos os seus colaboradores. Trabalhamos para agregar diferenciais constantemente tamb\u00e9m para nossos clientes: para cada obra espec\u00edfica \u00e9 feito um seguro de responsabilidade civil, isentando o cliente de qualquer responsabilidade perante poss\u00edveis incidentes durante a obra, devida e previamente licenciadas pelo Crea-RJ, o \u00f3rg\u00e3o que orienta e fiscaliza exerc\u00edcio profissional na \u00e1rea da Engenharia. <\/div><\/div>\n<blockquote><p><strong>Todas as obras realizada pela REFORMATTO ENGENHARIA, contam com Seguro de Responsabilidade Civil, isentando o cliente de qualquer responsabilidade perante poss\u00edveis incidentes durante a obra, que \u00e9 devidamente licenciada pelo Crea-RJ o \u00f3rg\u00e3o que orienta e fiscaliza exerc\u00edcio profissional na \u00e1rea da Engenharia<\/strong><\/p><\/blockquote>\n<p><strong><a href=\"https:\/\/web.whatsapp.com\/send?phone=5521984605443&amp;text=Ol%C3%A1%20%20bem%20vindo%20a%20Reformatto!%20Como%20podemos%20ajudar?\" target=\"_blank\" rel=\"noopener\">Solicitar atendimento online<\/a><\/strong>\u00a0| <strong><a href=\"http:\/\/reformatto.com.br\/reformas\/contatos\/\" target=\"_blank\" rel=\"noopener\">Solicitar or\u00e7amento pelo site<\/a><\/strong><\/p>\n","protected":false},"excerpt":{"rendered":"<p>Reforma de Galp\u00e3o Clique aqui e solicite nossa visita t\u00e9cnica ou or\u00e7amento na execu\u00e7\u00e3o de seu projeto Todas as obras realizada pela REFORMATTO ENGENHARIA, contam com Seguro de Responsabilidade Civil, isentando o cliente de qualquer responsabilidade perante poss\u00edveis incidentes durante&hellip;&nbsp;<a href=\"https:\/\/reformatto.com.br\/reformas\/reforma-de-galpao\/\" class=\"more-link\">Saiba Mais<\/a><\/p>\n","protected":false},"author":1,"featured_media":0,"parent":0,"menu_order":0,"comment_status":"closed","ping_status":"closed","template":"","meta":{"_links_to":"","_links_to_target":""},"yoast_head":"<!-- This site is optimized with the Yoast SEO plugin v16.5 - https:\/\/yoast.com\/wordpress\/plugins\/seo\/ -->\n<title>Reforma de Galp\u00e3o - Reformatto Engenharia - Reformas Prediais, Fachadas e Galp\u00f5es no RJ e SP<\/title>\n<meta name=\"robots\" content=\"index, follow, max-snippet:-1, max-image-preview:large, max-video-preview:-1\" \/>\n<link rel=\"canonical\" href=\"https:\/\/reformatto.com.br\/reformas\/reforma-de-galpao\/\" \/>\n<meta property=\"og:locale\" content=\"pt_BR\" \/>\n<meta property=\"og:type\" content=\"article\" \/>\n<meta property=\"og:title\" content=\"Reforma de Galp\u00e3o - Reformatto Engenharia - Reformas Prediais, Fachadas e Galp\u00f5es no RJ e SP\" \/>\n<meta property=\"og:description\" content=\"Reforma de Galp\u00e3o Clique aqui e solicite nossa visita t\u00e9cnica ou or\u00e7amento na execu\u00e7\u00e3o de seu projeto Todas as obras realizada pela REFORMATTO ENGENHARIA, contam com Seguro de Responsabilidade Civil, isentando o cliente de qualquer responsabilidade perante poss\u00edveis incidentes durante&hellip;&nbsp;Saiba Mais\" \/>\n<meta property=\"og:url\" content=\"https:\/\/reformatto.com.br\/reformas\/reforma-de-galpao\/\" \/>\n<meta property=\"og:site_name\" content=\"Reformatto Engenharia - Reformas Prediais, Fachadas e Galp\u00f5es no RJ e SP\" \/>\n<meta property=\"article:modified_time\" content=\"2019-02-09T16:18:16+00:00\" \/>\n<meta property=\"og:image\" content=\"http:\/\/reformatto.com.br\/reformas\/wp-content\/uploads\/2017\/01\/slide_fachada2-1024x384.jpg\" \/>\n<meta name=\"twitter:card\" content=\"summary\" \/>\n<meta name=\"twitter:label1\" content=\"Est. tempo de leitura\" \/>\n\t<meta name=\"twitter:data1\" content=\"3 minutos\" \/>\n<script type=\"application\/ld+json\" class=\"yoast-schema-graph\">{\"@context\":\"https:\/\/schema.org\",\"@graph\":[{\"@type\":\"WebSite\",\"@id\":\"https:\/\/reformatto.com.br\/reformas\/#website\",\"url\":\"https:\/\/reformatto.com.br\/reformas\/\",\"name\":\"Reformatto Engenharia - Reformas Prediais, Fachadas e Galp\\u00f5es no RJ e SP\",\"description\":\"Reformas Prediais, Fachadas e Galp\\u00f5es no RJ e em SP\",\"potentialAction\":[{\"@type\":\"SearchAction\",\"target\":\"https:\/\/reformatto.com.br\/reformas\/?s={search_term_string}\",\"query-input\":\"required name=search_term_string\"}],\"inLanguage\":\"pt-BR\"},{\"@type\":\"ImageObject\",\"@id\":\"https:\/\/reformatto.com.br\/reformas\/reforma-de-galpao\/#primaryimage\",\"inLanguage\":\"pt-BR\",\"url\":\"http:\/\/reformatto.com.br\/reformas\/wp-content\/uploads\/2017\/01\/slide_fachada2-1024x384.jpg\",\"contentUrl\":\"http:\/\/reformatto.com.br\/reformas\/wp-content\/uploads\/2017\/01\/slide_fachada2-1024x384.jpg\"},{\"@type\":\"WebPage\",\"@id\":\"https:\/\/reformatto.com.br\/reformas\/reforma-de-galpao\/#webpage\",\"url\":\"https:\/\/reformatto.com.br\/reformas\/reforma-de-galpao\/\",\"name\":\"Reforma de Galp\\u00e3o - Reformatto Engenharia - Reformas Prediais, Fachadas e Galp\\u00f5es no RJ e SP\",\"isPartOf\":{\"@id\":\"https:\/\/reformatto.com.br\/reformas\/#website\"},\"primaryImageOfPage\":{\"@id\":\"https:\/\/reformatto.com.br\/reformas\/reforma-de-galpao\/#primaryimage\"},\"datePublished\":\"2019-02-09T16:01:17+00:00\",\"dateModified\":\"2019-02-09T16:18:16+00:00\",\"breadcrumb\":{\"@id\":\"https:\/\/reformatto.com.br\/reformas\/reforma-de-galpao\/#breadcrumb\"},\"inLanguage\":\"pt-BR\",\"potentialAction\":[{\"@type\":\"ReadAction\",\"target\":[\"https:\/\/reformatto.com.br\/reformas\/reforma-de-galpao\/\"]}]},{\"@type\":\"BreadcrumbList\",\"@id\":\"https:\/\/reformatto.com.br\/reformas\/reforma-de-galpao\/#breadcrumb\",\"itemListElement\":[{\"@type\":\"ListItem\",\"position\":1,\"name\":\"In\\u00edcio\",\"item\":\"https:\/\/reformatto.com.br\/reformas\/\"},{\"@type\":\"ListItem\",\"position\":2,\"name\":\"Reforma de Galp\\u00e3o\"}]}]}<\/script>\n<!-- \/ Yoast SEO plugin. -->","_links":{"self":[{"href":"https:\/\/reformatto.com.br\/reformas\/wp-json\/wp\/v2\/pages\/1000"}],"collection":[{"href":"https:\/\/reformatto.com.br\/reformas\/wp-json\/wp\/v2\/pages"}],"about":[{"href":"https:\/\/reformatto.com.br\/reformas\/wp-json\/wp\/v2\/types\/page"}],"author":[{"embeddable":true,"href":"https:\/\/reformatto.com.br\/reformas\/wp-json\/wp\/v2\/users\/1"}],"replies":[{"embeddable":true,"href":"https:\/\/reformatto.com.br\/reformas\/wp-json\/wp\/v2\/comments?post=1000"}],"version-history":[{"count":7,"href":"https:\/\/reformatto.com.br\/reformas\/wp-json\/wp\/v2\/pages\/1000\/revisions"}],"predecessor-version":[{"id":1013,"href":"https:\/\/reformatto.com.br\/reformas\/wp-json\/wp\/v2\/pages\/1000\/revisions\/1013"}],"wp:attachment":[{"href":"https:\/\/reformatto.com.br\/reformas\/wp-json\/wp\/v2\/media?parent=1000"}],"curies":[{"name":"wp","href":"https:\/\/api.w.org\/{rel}","templated":true}]}}